{"id":1008,"date":"2025-01-22T17:03:31","date_gmt":"2025-01-22T16:03:31","guid":{"rendered":"http:\/\/liebevollich.local\/?page_id=1008"},"modified":"2026-02-01T12:37:07","modified_gmt":"2026-02-01T11:37:07","slug":"tag-der-wurde","status":"publish","type":"page","link":"https:\/\/liebevollich.de\/?page_id=1008","title":{"rendered":"TAG DER W\u00dcRDE"},"content":{"rendered":"\n<div class=\"wp-block-uagb-container container uagb-block-1295fc74 alignfull uagb-is-root-container\">\n<div class=\"wp-block-uagb-container will-appear fade-up uagb-layout-grid uagb-block-17055cff\">\n<div class=\"wp-block-uagb-container uagb-block-cac52cb0\">\n<div class=\"wp-block-uagb-image aligncenter uagb-block-c679ace9 wp-block-uagb-image--layout-default wp-block-uagb-image--effect-static wp-block-uagb-image--align-center\"><figure class=\"wp-block-uagb-image__figure\"><img decoding=\"async\" srcset=\"https:\/\/liebevollich.de\/wp-content\/uploads\/2025\/01\/Circle-1.png ,https:\/\/liebevollich.de\/wp-content\/uploads\/2025\/01\/Circle-1.png 780w, https:\/\/liebevollich.de\/wp-content\/uploads\/2025\/01\/Circle-1.png 360w\" sizes=\"auto, (max-width: 480px) 150px\" src=\"https:\/\/liebevollich.de\/wp-content\/uploads\/2025\/01\/Circle-1.png\" alt=\"\" class=\"uag-image-919\" width=\"48\" height=\"48\" title=\"Circle (1)\" loading=\"lazy\" role=\"img\"\/><\/figure><\/div>\n<\/div>\n\n\n\n<div class=\"wp-block-uagb-container uagb-block-e4f9337a\">\n<div class=\"wp-block-uagb-advanced-heading uagb-block-ee3eec93\"><h2 class=\"uagb-heading-text\">Tag der W\u00fcrde<\/h2><\/div>\n\n\n\n<div class=\"wp-block-uagb-container uagb-block-5fdcfe3f\"><\/div>\n<\/div>\n<\/div>\n\n\n\n<div class=\"wp-block-uagb-container uagb-block-dd0ebd7f\">\n<div class=\"wp-block-uagb-advanced-heading uagb-block-da0bafb9 will-appear fade-up delay-1\"><h2 class=\"uagb-heading-text\">13. September 2025: Gemeinsam f\u00fcr Respekt und Menschlichkeit<br>In diesem Jahr erstmalig in Kooperation mit Salzburg (\u00d6sterreich)<\/h2><p class=\"uagb-desc-text\">Jeder Mensch tr\u00e4gt W\u00fcrde in sich \u2013 eine innere Kraft, die unser Menschsein und unsere Beziehungen pr\u00e4gt. Doch oft versperren gesellschaftliche Erwartungen und starre Strukturen uns den Raum, unsere eigene W\u00fcrde wahrzunehmen und authentisch zu leben. Der \u201eTag der W\u00fcrde\u201c ist eine Einladung an uns alle, \u00fcber diesen wertvollen Aspekt nachzudenken und ihn gemeinsam in den Mittelpunkt unseres Handelns zu stellen. Indem wir diesen Tag nutzen, um die W\u00fcrde jedes Einzelnen sichtbar zu machen, schaffen wir Raum f\u00fcr eine Kultur, in der Respekt und Menschlichkeit die Grundlage des Miteinanders bilden.<br>Seit 2018 begeht der Verein LiebevollICH den Tag der W\u00fcrde, dieses Jahr in Ausweitung mit dem \u00f6sterreichischen Verein Ducks, der am 13.09. auch \u00f6ffentlich auf einem Fest auftritt, um auf das Thema unserer W\u00fcrde aufmerksam zu machen. Wir verfolgen mit Salzburg das Ziel, eine Anerkennung des Tages in der europ\u00e4ischen Union und wollen, dass dieser Tag im Kalender aufgenommen wird.<\/p><\/div>\n\n\n\n<div class=\"wp-block-uagb-image uagb-block-07474d54 wp-block-uagb-image--layout-default wp-block-uagb-image--effect-static wp-block-uagb-image--align-none will-appear fade-up delay-2\"><figure class=\"wp-block-uagb-image__figure\"><img decoding=\"async\" srcset=\"https:\/\/liebevollich.de\/wp-content\/uploads\/2025\/01\/pen-under-digital-1-1024x32.png ,https:\/\/liebevollich.de\/wp-content\/uploads\/2025\/01\/pen-under-digital-1.png 780w, https:\/\/liebevollich.de\/wp-content\/uploads\/2025\/01\/pen-under-digital-1.png 360w\" sizes=\"auto, (max-width: 480px) 150px\" src=\"https:\/\/liebevollich.de\/wp-content\/uploads\/2025\/01\/pen-under-digital-1-1024x32.png\" alt=\"\" class=\"uag-image-756\" width=\"1024\" height=\"32\" title=\"pen under digital (1)\" loading=\"lazy\" role=\"img\"\/><\/figure><\/div>\n<\/div>\n\n\n\n<div class=\"wp-block-uagb-container uagb-layout-flex uagb-block-d2d518a1\">\n<div class=\"wp-block-uagb-container uagb-block-4892dece\">\n<div class=\"wp-block-uagb-container will-appear fade-up uagb-block-bc35b0f5\">\n<div class=\"wp-block-uagb-advanced-heading uagb-block-134f9003\"><h2 class=\"uagb-heading-text\">Gemeinsam f\u00fcr Respekt und Menschlichkeit<\/h2><\/div>\n<\/div>\n\n\n\n<div class=\"wp-block-uagb-advanced-heading uagb-block-795692c1 will-appear fade-up delay-1\"><p class=\"uagb-desc-text\">Der \u201eTag der W\u00fcrde\u201c ist eine Einladung, innezuhalten, \u00fcber diesen wertvollen Aspekt des Bewusstseins der eigenen W\u00fcrde nachzudenken und ihn ins Zentrum unseres Handelns zu stellen.<\/p><\/div>\n\n\n\n<div class=\"wp-block-uagb-container will-appear fade-up delay-2 uagb-block-70c1facf\">\n<div class=\"wp-block-uagb-advanced-heading uagb-block-160224e0\"><h2 class=\"uagb-heading-text\">Mit diesem Aktionstag am 13.9.2025 \u2013 initiiert von LiebevollICH \u2013 m\u00f6chten wir die W\u00fcrde jedes Einzelnen sichtbar machen. Gemeinsam schaffen wir Raum f\u00fcr eine Kultur, in der Respekt und Menschlichkeit die Grundlage des Miteinanders bilden.<\/h2><\/div>\n<\/div>\n<\/div>\n<\/div>\n\n\n\n<div class=\"wp-block-uagb-container uagb-block-9515ec33\">\n<div class=\"wp-block-uagb-image uagb-block-a2f6a66c wp-block-uagb-image--layout-default wp-block-uagb-image--effect-static wp-block-uagb-image--align-none will-appear fade-up\"><figure class=\"wp-block-uagb-image__figure\"><img decoding=\"async\" srcset=\"https:\/\/liebevollich.de\/wp-content\/uploads\/2025\/01\/pen-under-digital-1-1024x32.png ,https:\/\/liebevollich.de\/wp-content\/uploads\/2025\/01\/pen-under-digital-1.png 780w, https:\/\/liebevollich.de\/wp-content\/uploads\/2025\/01\/pen-under-digital-1.png 360w\" sizes=\"auto, (max-width: 480px) 150px\" src=\"https:\/\/liebevollich.de\/wp-content\/uploads\/2025\/01\/pen-under-digital-1-1024x32.png\" alt=\"\" class=\"uag-image-756\" width=\"1024\" height=\"32\" title=\"pen under digital (1)\" loading=\"lazy\" role=\"img\"\/><\/figure><\/div>\n\n\n\n<div class=\"wp-block-uagb-advanced-heading uagb-block-b0886a20 will-appear fade-up delay-1\"><h2 class=\"uagb-heading-text\">Unsere Vision : W\u00fcrde in den Alltag bringen<\/h2><\/div>\n\n\n\n<div class=\"wp-block-uagb-image uagb-block-3f115a0a wp-block-uagb-image--layout-default wp-block-uagb-image--effect-static wp-block-uagb-image--align-none will-appear fade-up delay-2\"><figure class=\"wp-block-uagb-image__figure\"><img decoding=\"async\" srcset=\"https:\/\/liebevollich.de\/wp-content\/uploads\/2025\/01\/pen-under-digital-3-1024x32.png ,https:\/\/liebevollich.de\/wp-content\/uploads\/2025\/01\/pen-under-digital-3.png 780w, https:\/\/liebevollich.de\/wp-content\/uploads\/2025\/01\/pen-under-digital-3.png 360w\" sizes=\"auto, (max-width: 480px) 150px\" src=\"https:\/\/liebevollich.de\/wp-content\/uploads\/2025\/01\/pen-under-digital-3-1024x32.png\" alt=\"\" class=\"uag-image-1040\" width=\"1024\" height=\"32\" title=\"pen under digital (3)\" loading=\"lazy\" role=\"img\"\/><\/figure><\/div>\n<\/div>\n<\/div>\n\n\n\n<div class=\"wp-block-uagb-container will-appear fade-up uagb-block-95f20c2e alignfull uagb-is-root-container\">\n<div class=\"wp-block-uagb-container container uagb-block-157cc7ff\">\n<div class=\"wp-block-uagb-advanced-heading uagb-block-b7933c16\"><p class=\"uagb-desc-text\">Der <strong>\u201eTag der W\u00fcrde\u201c<\/strong> m\u00f6chte Menschen ermutigen,<br>W\u00fcrde bewusst(er) zu leben: im Alltag, in der Gemeinschaft und in Bereichen wie Bildung, Gesundheit und Arbeitswelt. W\u00fcrde als universelles Menschenrecht bildet die Grundlage f\u00fcr eine gerechtere und respektvollere Gesellschaft. Durch diesen Tag m\u00f6chten wir eine positive Transformation ansto\u00dfen, das gesellschaftliche Bewusstsein f\u00fcr W\u00fcrde st\u00e4rken, Demokratie und Freiheit f\u00f6rdern.<\/p><\/div>\n<\/div>\n<\/div>\n\n\n\n<div class=\"wp-block-uagb-container container uagb-block-c83d846d alignfull uagb-is-root-container\">\n<div class=\"wp-block-uagb-container will-appear fade-up uagb-block-8f35fb60\">\n<div class=\"wp-block-uagb-advanced-heading uagb-block-afd3c30a\"><h2 class=\"uagb-heading-text\">\u201eW\u00fcrde &#8211; lebt im Ich, w\u00e4chst im Wir.\u201c<\/h2><\/div>\n<\/div>\n\n\n\n<div class=\"wp-block-uagb-container will-appear fade-up delay-2 uagb-block-f772e612\">\n<div class=\"wp-block-uagb-advanced-heading uagb-block-a62fc00c\"><h2 class=\"uagb-heading-text\">Kampagne: Gemeinsam aktiv werden<\/h2><p class=\"uagb-desc-text\">Der \u201eTag der W\u00fcrde\u201c lebt von den Ideen und dem Engagement vieler. Durch W\u00fcrde World Caf\u00e9s, Workshops, Diskussionsrunden, kreative Projekte sowie Selbsthilfegruppen \u2013 lokal oder online \u2013 wird dieser Tag zu einer Mitmach-Aktion, an der wirklich jeder teilnehmen kann.<\/p><\/div>\n<\/div>\n\n\n\n<div class=\"wp-block-uagb-container uagb-block-5840f24c\">\n<div class=\"wp-block-uagb-image uagb-block-be70fc37 wp-block-uagb-image--layout-default wp-block-uagb-image--effect-static wp-block-uagb-image--align-none will-appear fade-up\"><figure class=\"wp-block-uagb-image__figure\"><img decoding=\"async\" srcset=\"https:\/\/liebevollich.de\/wp-content\/uploads\/2025\/01\/pen-under-digital-1-1024x32.png ,https:\/\/liebevollich.de\/wp-content\/uploads\/2025\/01\/pen-under-digital-1.png 780w, https:\/\/liebevollich.de\/wp-content\/uploads\/2025\/01\/pen-under-digital-1.png 360w\" sizes=\"auto, (max-width: 480px) 150px\" src=\"https:\/\/liebevollich.de\/wp-content\/uploads\/2025\/01\/pen-under-digital-1-1024x32.png\" alt=\"\" class=\"uag-image-756\" width=\"1024\" height=\"32\" title=\"pen under digital (1)\" loading=\"lazy\" role=\"img\"\/><\/figure><\/div>\n\n\n\n<div class=\"wp-block-uagb-advanced-heading uagb-block-609a0c98 will-appear fade-up delay-1\"><h2 class=\"uagb-heading-text\">Sei Teil der Bewegung \u2013 Dein Beitrag z\u00e4hlt!<\/h2><\/div>\n\n\n\n<div class=\"wp-block-uagb-image uagb-block-c9ec9c84 wp-block-uagb-image--layout-default wp-block-uagb-image--effect-static wp-block-uagb-image--align-none will-appear fade-up delay-2\"><figure class=\"wp-block-uagb-image__figure\"><img decoding=\"async\" srcset=\"https:\/\/liebevollich.de\/wp-content\/uploads\/2025\/01\/pen-under-digital-3-1024x32.png ,https:\/\/liebevollich.de\/wp-content\/uploads\/2025\/01\/pen-under-digital-3.png 780w, https:\/\/liebevollich.de\/wp-content\/uploads\/2025\/01\/pen-under-digital-3.png 360w\" sizes=\"auto, (max-width: 480px) 150px\" src=\"https:\/\/liebevollich.de\/wp-content\/uploads\/2025\/01\/pen-under-digital-3-1024x32.png\" alt=\"\" class=\"uag-image-1040\" width=\"1024\" height=\"32\" title=\"pen under digital (3)\" loading=\"lazy\" role=\"img\"\/><\/figure><\/div>\n<\/div>\n\n\n\n<div class=\"wp-block-uagb-container uagb-block-28586d03\">\n<div class=\"wp-block-uagb-container uagb-block-20c58539\">\n<div class=\"wp-block-uagb-container will-appear fade-up delay-1 uagb-block-38e9e9e9\">\n<div class=\"wp-block-uagb-advanced-heading uagb-block-026b3e7c\"><h2 class=\"uagb-heading-text\">Mitmachen:<\/h2><p class=\"uagb-desc-text\">Plane ein W\u00fcrde World Caf\u00e9, gr\u00fcnde eine Selbsthilfegruppe oder schlie\u00dfe dich einer an, organisiere eine Veranstaltung oder teile deine Geschichte online. Jede kleine Geste bringt uns einer Welt n\u00e4her, in der W\u00fcrde an erster Stelle steht.<\/p><\/div>\n<\/div>\n\n\n\n<div class=\"wp-block-uagb-container will-appear fade-up delay-2 uagb-block-f5dcc1f0\"><\/div>\n<\/div>\n\n\n\n<div class=\"wp-block-uagb-container uagb-block-a63f5dc9\">\n<div class=\"wp-block-uagb-container will-appear fade-up delay-4 uagb-block-abb67906\">\n<div class=\"wp-block-uagb-advanced-heading uagb-block-65560f82\"><h2 class=\"uagb-heading-text\">Fragen oder Ideen?<\/h2><p class=\"uagb-desc-text\">Melde dich gerne \u00fcber unser Kontaktformular oder schicke uns eine E-Mail \u2013 wir freuen uns auf dich!<\/p><\/div>\n<\/div>\n\n\n\n<div class=\"wp-block-uagb-container will-appear fade-up delay-3 uagb-block-93ad7b89\">\n<div class=\"wp-block-uagb-advanced-heading uagb-block-066641f0\"><h2 class=\"uagb-heading-text\">Unterst\u00fctzen:<\/h2><p class=\"uagb-desc-text\">Werde Partner oder hilf uns mit einer Spende, ehrenamtlichem Engagement oder der Verbreitung des Aktionstags, den \u201eTag der W\u00fcrde\u201c zu einer globalen Bewegung zu machen.<\/p><\/div>\n<\/div>\n<\/div>\n<\/div>\n\n\n\n<div class=\"wp-block-uagb-image uagb-block-b17bcfad wp-block-uagb-image--layout-default wp-block-uagb-image--effect-static wp-block-uagb-image--align-none will-appear fade-up\"><figure class=\"wp-block-uagb-image__figure\"><img decoding=\"async\" srcset=\"https:\/\/liebevollich.de\/wp-content\/uploads\/2025\/01\/pen-under-digital-1-1024x32.png ,https:\/\/liebevollich.de\/wp-content\/uploads\/2025\/01\/pen-under-digital-1.png 780w, https:\/\/liebevollich.de\/wp-content\/uploads\/2025\/01\/pen-under-digital-1.png 360w\" sizes=\"auto, (max-width: 480px) 150px\" src=\"https:\/\/liebevollich.de\/wp-content\/uploads\/2025\/01\/pen-under-digital-1-1024x32.png\" alt=\"\" class=\"uag-image-756\" width=\"1024\" height=\"32\" title=\"pen under digital (1)\" loading=\"lazy\" role=\"img\"\/><\/figure><\/div>\n\n\n\n<div class=\"wp-block-uagb-container will-appear fade-up delay-2 uagb-layout-grid uagb-block-851b73d0\">\n<div class=\"wp-block-uagb-container uagb-block-b2df8df9\">\n<div class=\"wp-block-uagb-image aligncenter uagb-block-3c723379 wp-block-uagb-image--layout-default wp-block-uagb-image--effect-static wp-block-uagb-image--align-center\"><figure class=\"wp-block-uagb-image__figure\"><img decoding=\"async\" srcset=\"https:\/\/liebevollich.de\/wp-content\/uploads\/2025\/01\/Circle-1.png ,https:\/\/liebevollich.de\/wp-content\/uploads\/2025\/01\/Circle-1.png 780w, https:\/\/liebevollich.de\/wp-content\/uploads\/2025\/01\/Circle-1.png 360w\" sizes=\"auto, (max-width: 480px) 150px\" src=\"https:\/\/liebevollich.de\/wp-content\/uploads\/2025\/01\/Circle-1.png\" alt=\"\" class=\"uag-image-919\" width=\"48\" height=\"48\" title=\"Circle (1)\" loading=\"lazy\" role=\"img\"\/><\/figure><\/div>\n<\/div>\n\n\n\n<div class=\"wp-block-uagb-container uagb-block-918b2209\">\n<div class=\"wp-block-uagb-advanced-heading uagb-block-791e8428\"><h2 class=\"uagb-heading-text\">Gemeinsam f\u00fcr eine w\u00fcrdevollere Welt!<\/h2><p class=\"uagb-desc-text\">Mach mit und setze ein Zeichen f\u00fcr Respekt und Menschlichkeit. <strong>Werde jetzt aktiv!<\/strong><\/p><\/div>\n<\/div>\n<\/div>\n<\/div>\n\n\n\n<div class=\"wp-block-uagb-container uagb-block-88a97626 alignfull uagb-is-root-container\"><div class=\"uagb-container-inner-blocks-wrap\">\n<div class=\"wp-block-uagb-buttons uagb-buttons__outer-wrap uagb-btn__default-btn uagb-btn-tablet__default-btn uagb-btn-mobile__default-btn uagb-block-39730973\"><div class=\"uagb-buttons__wrap uagb-buttons-layout-wrap \">\n<div class=\"wp-block-uagb-buttons-child uagb-buttons__outer-wrap uagb-block-652df9e6 wp-block-button\"><div class=\"uagb-button__wrapper\"><a class=\"uagb-buttons-repeater wp-block-button__link\" aria-label=\"\" href=\"\/kontakt\/\" rel=\"follow noopener\" target=\"_self\" role=\"button\"><div class=\"uagb-button__link\">Kontaktaufnahme<\/div><\/a><\/div><\/div>\n<\/div><\/div>\n<\/div><\/div>\n","protected":false},"excerpt":{"rendered":"<p>Tag der W\u00fcrde 13. September 2025: Gemeinsam f\u00fcr Respekt und MenschlichkeitIn diesem Jahr erstmalig in Kooperation mit Salzburg (\u00d6sterreich) Jeder Mensch tr\u00e4gt W\u00fcrde in sich \u2013 eine innere Kraft, die [&hellip;]<\/p>\n","protected":false},"author":2,"featured_media":0,"parent":0,"menu_order":0,"comment_status":"closed","ping_status":"closed","template":"","meta":{"_uag_custom_page_level_css":".relative {\n\tposition:relative !important;\n}\n\n.absolute {\n\tposition: absolute !important;\n}\n\n.right {\n\tright: 0 !important;\n}","_EventAllDay":false,"_EventTimezone":"","_EventStartDate":"","_EventEndDate":"","_EventStartDateUTC":"","_EventEndDateUTC":"","_EventShowMap":false,"_EventShowMapLink":false,"_EventURL":"","_EventCost":"","_EventCostDescription":"","_EventCurrencySymbol":"","_EventCurrencyCode":"","_EventCurrencyPosition":"","_EventDateTimeSeparator":"","_EventTimeRangeSeparator":"","_EventOrganizerID":[],"_EventVenueID":[],"_OrganizerEmail":"","_OrganizerPhone":"","_OrganizerWebsite":"","_VenueAddress":"","_VenueCity":"","_VenueCountry":"","_VenueProvince":"","_VenueState":"","_VenueZip":"","_VenuePhone":"","_VenueURL":"","_VenueStateProvince":"","_VenueLat":"","_VenueLng":"","_VenueShowMap":false,"_VenueShowMapLink":false,"footnotes":""},"class_list":["post-1008","page","type-page","status-publish","hentry"],"uagb_featured_image_src":{"full":false,"thumbnail":false,"medium":false,"medium_large":false,"large":false,"1536x1536":false,"2048x2048":false},"uagb_author_info":{"display_name":"test_dev_X1@","author_link":"https:\/\/liebevollich.de\/?author=2"},"uagb_comment_info":0,"uagb_excerpt":"Tag der W\u00fcrde 13. September 2025: Gemeinsam f\u00fcr Respekt und MenschlichkeitIn diesem Jahr erstmalig in Kooperation mit Salzburg (\u00d6sterreich) Jeder Mensch tr\u00e4gt W\u00fcrde in sich \u2013 eine innere Kraft, die [&hellip;]","_links":{"self":[{"href":"https:\/\/liebevollich.de\/index.php?rest_route=\/wp\/v2\/pages\/1008","targetHints":{"allow":["GET"]}}],"collection":[{"href":"https:\/\/liebevollich.de\/index.php?rest_route=\/wp\/v2\/pages"}],"about":[{"href":"https:\/\/liebevollich.de\/index.php?rest_route=\/wp\/v2\/types\/page"}],"author":[{"embeddable":true,"href":"https:\/\/liebevollich.de\/index.php?rest_route=\/wp\/v2\/users\/2"}],"replies":[{"embeddable":true,"href":"https:\/\/liebevollich.de\/index.php?rest_route=%2Fwp%2Fv2%2Fcomments&post=1008"}],"version-history":[{"count":98,"href":"https:\/\/liebevollich.de\/index.php?rest_route=\/wp\/v2\/pages\/1008\/revisions"}],"predecessor-version":[{"id":2181,"href":"https:\/\/liebevollich.de\/index.php?rest_route=\/wp\/v2\/pages\/1008\/revisions\/2181"}],"wp:attachment":[{"href":"https:\/\/liebevollich.de\/index.php?rest_route=%2Fwp%2Fv2%2Fmedia&parent=1008"}],"curies":[{"name":"wp","href":"https:\/\/api.w.org\/{rel}","templated":true}]}}