{"id":121,"date":"2024-12-05T23:52:49","date_gmt":"2024-12-05T23:52:49","guid":{"rendered":"http:\/\/liebevollich.local\/?page_id=121"},"modified":"2026-03-27T07:33:34","modified_gmt":"2026-03-27T06:33:34","slug":"wurde","status":"publish","type":"page","link":"https:\/\/liebevollich.de\/?page_id=121","title":{"rendered":"W\u00dcRDE"},"content":{"rendered":"\n<div class=\"wp-block-uagb-container container uagb-block-1295fc74 alignfull uagb-is-root-container\">\n<div class=\"wp-block-uagb-container uagb-block-8ff22558\">\n<div class=\"wp-block-uagb-container will-appear fade-up uagb-block-8f35fb60\">\n<div class=\"wp-block-uagb-advanced-heading uagb-block-afd3c30a\"><h1 class=\"uagb-heading-text\">W\u00fcrde<br>mehr als nur ein Wort<\/h1><\/div>\n<\/div>\n\n\n\n<div class=\"wp-block-uagb-container will-appear fade-up delay-1 uagb-block-4d469080\">\n<div class=\"wp-block-uagb-image uagb-block-c0b45da9 wp-block-uagb-image--layout-default wp-block-uagb-image--effect-static wp-block-uagb-image--align-none\"><figure class=\"wp-block-uagb-image__figure\"><img decoding=\"async\" srcset=\"https:\/\/liebevollich.de\/wp-content\/uploads\/2025\/01\/Group-14582602.png ,https:\/\/liebevollich.de\/wp-content\/uploads\/2025\/01\/Group-14582602.png 780w, https:\/\/liebevollich.de\/wp-content\/uploads\/2025\/01\/Group-14582602.png 360w\" sizes=\"auto, (max-width: 480px) 150px\" src=\"https:\/\/liebevollich.de\/wp-content\/uploads\/2025\/01\/Group-14582602.png\" alt=\"\" class=\"uag-image-931\" width=\"2384\" height=\"787\" title=\"Group 14582602\" loading=\"lazy\" role=\"img\"\/><\/figure><\/div>\n<\/div>\n<\/div>\n\n\n\n<div class=\"wp-block-uagb-container uagb-block-79d5147e\">\n<div class=\"wp-block-uagb-advanced-heading uagb-block-4682c13f\"><h2 class=\"uagb-heading-text\">Unser Flyer zum Thema W\u00fcrde, zum einlesen und weiterleiten<\/h2><\/div>\n\n\n\n<p style=\"text-align: center; font-family: inherit;\">\n  <a href=\"https:\/\/liebevollich.de\/wp-content\/uploads\/2026\/03\/2026-03-Was-ist-Wuerde-Webseite.pdf\" download \n     style=\"color: #ffffff; text-decoration: none; font-size: 18px; font-weight: 400; font-family: inherit; background-color: #13adb7; padding: 12px 32px; border-radius: 50px; display: inline-block; transition: font-weight 0.1s ease;\"\n     onmouseover=\"this.style.fontWeight='700'\"\n     onmouseout=\"this.style.fontWeight='400'\">\n    \u279c Download\n  <\/a>\n<\/p>\n<\/div>\n\n\n\n<div class=\"wp-block-uagb-container will-appear fade-up delay-1 uagb-block-be604cf0\">\n<div class=\"wp-block-uagb-advanced-heading uagb-block-d9774d86\"><p class=\"uagb-heading-text\">\u201eWenn wir mit Menschen \u00fcber W\u00fcrde sprechen, werden viele erstmal still. Sie sammeln sich, vielleicht r\u00e4uspern sie sich. Und dann merken wir, wie ihre Gedanken wandern und sie ihre Gef\u00fchle abtasten. Vielleicht haben sie noch nie wirklich \u00fcber ihre eigene W\u00fcrde nachgedacht.\u201c<\/p><\/div>\n<\/div>\n<\/div>\n\n\n\n<div class=\"wp-block-uagb-container container uagb-block-217b0576 alignfull uagb-is-root-container\">\n<div class=\"wp-block-uagb-advanced-heading uagb-block-df8c9dc2 will-appear fade-up\"><h2 class=\"uagb-heading-text\">Unsere Haltung bei LiebevollIch<\/h2><\/div>\n\n\n\n<div class=\"wp-block-uagb-container will-appear fade-up uagb-block-c417af77\">\n<div class=\"wp-block-uagb-container container uagb-block-21f67331\">\n<div class=\"wp-block-uagb-icon-list uagb-block-7afd8080\"><div class=\"uagb-icon-list__wrap\">\n<div class=\"wp-block-uagb-icon-list-child uagb-block-d21fd257\"><span class=\"uagb-icon-list__source-wrap\"><svg xmlns=\"https:\/\/www.w3.org\/2000\/svg\" viewBox=\"0 0 448 512\"><path d=\"M438.6 278.6l-160 160C272.4 444.9 264.2 448 256 448s-16.38-3.125-22.62-9.375c-12.5-12.5-12.5-32.75 0-45.25L338.8 288H32C14.33 288 .0016 273.7 .0016 256S14.33 224 32 224h306.8l-105.4-105.4c-12.5-12.5-12.5-32.75 0-45.25s32.75-12.5 45.25 0l160 160C451.1 245.9 451.1 266.1 438.6 278.6z\"><\/path><\/svg><\/span><span class=\"uagb-icon-list__label\">Warum das Bildungssystem sich \u00e4ndern muss<\/span><\/div>\n<\/div><\/div>\n<\/div>\n\n\n\n<div class=\"wp-block-uagb-container uagb-block-59198ee9\">\n<div class=\"wp-block-uagb-container container uagb-block-4d491a0e\">\n<div class=\"wp-block-uagb-advanced-heading uagb-block-51a297a4\"><h2 class=\"uagb-heading-text\">Unser Bildungssystem orientiert sich noch immer an veralteten Bewertungsmethoden, die Kinder danach beurteilen, wie gut sie einem einheitlichen Standard entsprechen \u2013 wie alle \u201eauf denselben Baum klettern\u201c. Doch Kinder sind keine Maschinen, die funktionieren m\u00fcssen, sondern Individuen mit einzigartigen St\u00e4rken, Talenten und Potenzialen.<br>&nbsp;<br>Ein System, das Vielfalt anerkennt und f\u00f6rdert, gibt jedem Kind die Chance, sich in seinem eigenen Tempo und nach seinen eigenen F\u00e4higkeiten zu entfalten. Statt starrer Noten und Vergleichsdruck brauchen wir eine Bildung, die Kreativit\u00e4t, Empathie und Probleml\u00f6sungsf\u00e4higkeiten in den Vordergrund stellt. So k\u00f6nnen wir Kinder nicht nur f\u00fcr die Zukunft, sondern auch f\u00fcr ein erf\u00fclltes und selbstbestimmtes Leben st\u00e4rken.<\/h2><\/div>\n<\/div>\n<\/div>\n<\/div>\n\n\n\n<div class=\"wp-block-uagb-container will-appear fade-up uagb-block-cd9161d8\">\n<div class=\"wp-block-uagb-container container uagb-block-42b6d17a\">\n<div class=\"wp-block-uagb-icon-list uagb-block-d2db3064\"><div class=\"uagb-icon-list__wrap\">\n<div class=\"wp-block-uagb-icon-list-child uagb-block-6999c2cb\"><span class=\"uagb-icon-list__source-wrap\"><svg xmlns=\"https:\/\/www.w3.org\/2000\/svg\" viewBox=\"0 0 448 512\"><path d=\"M438.6 278.6l-160 160C272.4 444.9 264.2 448 256 448s-16.38-3.125-22.62-9.375c-12.5-12.5-12.5-32.75 0-45.25L338.8 288H32C14.33 288 .0016 273.7 .0016 256S14.33 224 32 224h306.8l-105.4-105.4c-12.5-12.5-12.5-32.75 0-45.25s32.75-12.5 45.25 0l160 160C451.1 245.9 451.1 266.1 438.6 278.6z\"><\/path><\/svg><\/span><span class=\"uagb-icon-list__label\">Warum das Gesundheitssystem sich \u00e4ndern muss<\/span><\/div>\n<\/div><\/div>\n<\/div>\n\n\n\n<div class=\"wp-block-uagb-container uagb-block-361bd82b\">\n<div class=\"wp-block-uagb-container container uagb-block-971caaac\">\n<div class=\"wp-block-uagb-advanced-heading uagb-block-3cb39b14\"><h2 class=\"uagb-heading-text\">Unser Gesundheitssystem hat den Menschen aus dem Fokus verloren. Statt Gesundheit zu f\u00f6rdern, wird oft nur Krankheit verwaltet \u2013 getrieben von \u00f6konomischen Zw\u00e4ngen und der Macht der Pharma-Lobby. Der Begriff \u201eKrankenhaus\u201c spiegelt diese Ausrichtung wider. Brauchen wir nicht eher Gesundheitsh\u00e4user, die Heilung ganzheitlich betrachten? Hier darf nicht das Geld, sondern es muss der Mensch, ganzheitlich, im Mittelpunkt stehen.<\/h2><\/div>\n<\/div>\n<\/div>\n<\/div>\n\n\n\n<div class=\"wp-block-uagb-container will-appear fade-up uagb-block-3ffee0ea\">\n<div class=\"wp-block-uagb-container container uagb-block-f1c89171\">\n<div class=\"wp-block-uagb-icon-list uagb-block-48d5f938\"><div class=\"uagb-icon-list__wrap\">\n<div class=\"wp-block-uagb-icon-list-child uagb-block-64833b5d\"><span class=\"uagb-icon-list__source-wrap\"><svg xmlns=\"https:\/\/www.w3.org\/2000\/svg\" viewBox=\"0 0 448 512\"><path d=\"M438.6 278.6l-160 160C272.4 444.9 264.2 448 256 448s-16.38-3.125-22.62-9.375c-12.5-12.5-12.5-32.75 0-45.25L338.8 288H32C14.33 288 .0016 273.7 .0016 256S14.33 224 32 224h306.8l-105.4-105.4c-12.5-12.5-12.5-32.75 0-45.25s32.75-12.5 45.25 0l160 160C451.1 245.9 451.1 266.1 438.6 278.6z\"><\/path><\/svg><\/span><span class=\"uagb-icon-list__label\">Was sich in der Wirtschaft \u00e4ndern muss<\/span><\/div>\n<\/div><\/div>\n<\/div>\n\n\n\n<div class=\"wp-block-uagb-container uagb-block-574929c9\">\n<div class=\"wp-block-uagb-container container uagb-block-1129098a\">\n<div class=\"wp-block-uagb-advanced-heading uagb-block-7786c23f\"><h2 class=\"uagb-heading-text\">Wenn alle Menschen in ihrer W\u00fcrde leben k\u00f6nnten, w\u00fcrde sich unsere Wirtschaft grundlegend ver\u00e4ndern. Eine w\u00fcrdevoll gef\u00fchrte Wirtschaft w\u00fcrde auf Respekt, Vertrauen und Wertsch\u00e4tzung basieren \u2013 die Basis f\u00fcr echte Teamarbeit und nachhaltige Produktivit\u00e4t.<br>&nbsp;<br>Mitarbeiter, die sich gesehen und wertgesch\u00e4tzt f\u00fchlen, entfalten ihr volles Potenzial, arbeiten kreativer, verantwortungsbewusster und engagierter.<br>Gleichzeitig w\u00fcrde eine Wirtschaft in W\u00fcrde nicht auf Ausbeutung basieren, sondern auf Nachhaltigkeit und Fairness. Entscheidungen w\u00fcrden nicht nur Profite, sondern auch das Wohlergehen von Menschen und der Umwelt ber\u00fccksichtigen.<\/h2><\/div>\n<\/div>\n<\/div>\n<\/div>\n<\/div>\n\n\n\n<div class=\"wp-block-uagb-container will-appear fade-up uagb-block-95f20c2e alignfull uagb-is-root-container\">\n<div class=\"wp-block-uagb-container container uagb-block-157cc7ff\">\n<div class=\"wp-block-uagb-advanced-heading uagb-block-b7933c16\"><p class=\"uagb-desc-text\">W\u00fcrde erscheint oft als selbstverst\u00e4ndlich, und doch geht ihre Bedeutung weit \u00fcber das hinaus, was im Alltag sichtbar ist. Sie ist die Grundlage unseres ethischen, rechtlichen und zwischenmenschlichen Zusammenlebens \u2013 ein stiller, aber kraftvoller Boden f\u00fcr die Werte, nach denen wir handeln.<\/p><\/div>\n<\/div>\n<\/div>\n\n\n\n<div class=\"wp-block-uagb-container full-width will-appear fade-up uagb-block-9dafc14e alignfull uagb-is-root-container\">\n<svg width=\"100%\" viewBox=\"0 0 1440 117\" fill=\"none\" xmlns=\"http:\/\/www.w3.org\/2000\/svg\">\n<path d=\"M0 65.3658H349.922C606.664 65.3658 859.771 0.774895 1080 0.774895C1300.23 0.774895 1440 65.3658 1440 65.3658V116.775H0V65.3658Z\" fill=\"#F7F8F9\"\/>\n<\/svg>\n\n\n\n<div class=\"wp-block-uagb-container uagb-block-86bd6d77 alignfull uagb-is-root-container\"><div class=\"uagb-container-inner-blocks-wrap\">\n<div class=\"wp-block-uagb-container will-appear fade-up delay-1 uagb-block-c56fcbfe\">\n<div class=\"wp-block-uagb-advanced-heading uagb-block-955e2062\"><h2 class=\"uagb-heading-text\">W\u00fcrde als Grundrecht<\/h2><\/div>\n\n\n\n<div class=\"wp-block-uagb-advanced-heading uagb-block-638d3fad\"><p class=\"uagb-heading-text\">In den meisten Rechtssystemen gilt W\u00fcrde als unantastbares Grundrecht. Sie steht am Anfang vieler Verfassungen, ist verankert in der UN-Menschenrechtscharta, der Europ\u00e4ischen Menschenrechtskonvention und schwingt in den 17 UN-Nachhaltigkeitszielen mit. W\u00fcrde bildet die Basis f\u00fcr den Schutz individueller Rechte und Freiheiten.<\/p><\/div>\n\n\n\n<div class=\"wp-block-uagb-advanced-heading uagb-block-15a6efb4\"><p class=\"uagb-heading-text\">Doch W\u00fcrde ist mehr als ein rechtlicher Begriff. Sie ist eine pers\u00f6nliche und ethische Verpflichtung, die unser Handeln pr\u00e4gt. Sie fordert Dich auf, jeden Menschen in seiner Einzigartigkeit zu respektieren \u2013 unabh\u00e4ngig von Herkunft, Status oder F\u00e4higkeiten.<\/p><\/div>\n<\/div>\n\n\n\n<div class=\"wp-block-uagb-image uagb-block-3b99e2a9 wp-block-uagb-image--layout-default wp-block-uagb-image--effect-static wp-block-uagb-image--align-none will-appear fade-up delay-2\"><figure class=\"wp-block-uagb-image__figure\"><img decoding=\"async\" srcset=\"https:\/\/liebevollich.de\/wp-content\/uploads\/2024\/12\/law.png ,https:\/\/liebevollich.de\/wp-content\/uploads\/2024\/12\/law.png 780w, https:\/\/liebevollich.de\/wp-content\/uploads\/2024\/12\/law.png 360w\" sizes=\"auto, (max-width: 480px) 150px\" src=\"https:\/\/liebevollich.de\/wp-content\/uploads\/2024\/12\/law.png\" alt=\"\" class=\"uag-image-184\" width=\"500\" height=\"478\" title=\"law\" loading=\"lazy\" role=\"img\"\/><\/figure><\/div>\n<\/div><\/div>\n\n\n\n<svg width=\"100%\" viewBox=\"0 0 1440 117\" fill=\"none\" xmlns=\"http:\/\/www.w3.org\/2000\/svg\">\n<path d=\"M1440 52.184H1090.08C833.336 52.184 580.229 116.775 360 116.775C139.771 116.775 0 52.184 0 52.184V0.774902H1440V52.184Z\" fill=\"#F7F8F9\"\/>\n<\/svg>\n<\/div>\n\n\n\n<div class=\"wp-block-uagb-container container uagb-block-121504a6 alignfull uagb-is-root-container\">\n<div class=\"wp-block-uagb-container will-appear fade-up uagb-block-5be64fc3\">\n<div class=\"wp-block-uagb-advanced-heading uagb-block-f3545bed\"><p class=\"uagb-heading-text\"><strong>\u201e\u2026 und dann passiert etwas Magisches:<br>Worte und Gef\u00fchle kommen in Fluss, und pl\u00f6tzlich sprudeln Erkenntnisse, manchmal auch Tr\u00e4nen. Es ist wie ein Fenster, das sich \u00f6ffnet \u2013 f\u00fcr Freude, f\u00fcr Trauer, vor allem aber f\u00fcr die eigene Wertsch\u00e4tzung.\u201c<\/strong><\/p><\/div>\n<\/div>\n\n\n\n<div class=\"wp-block-uagb-container uagb-block-2d009770\">\n<div class=\"wp-block-uagb-container uagb-block-d2704320\">\n<div class=\"wp-block-uagb-advanced-heading uagb-block-2e8deefc will-appear fade-up\"><h2 class=\"uagb-heading-text\">Reflexionsfragen und Handlungsimpulse<\/h2><\/div>\n\n\n\n<div class=\"wp-block-uagb-icon-list uagb-block-46ddc0d4\"><div class=\"uagb-icon-list__wrap\">\n<div class=\"wp-block-uagb-icon-list-child uagb-block-ab227a1c will-appear fade-up delay-1\"><span class=\"uagb-icon-list__source-wrap\"><img decoding=\"async\" class=\"uagb-icon-list__source-image\" src=\"https:\/\/liebevollich.de\/wp-content\/uploads\/2024\/12\/arrow.png\" width=\"16\" height=\"25\" loading=\"lazy\" alt=\"\"\/><\/span><span class=\"uagb-icon-list__label\">Wann hast du zuletzt deine eigene W\u00fcrde oder die eines anderen wirklich wahrgenommen und geachtet?<\/span><\/div>\n\n\n\n<div class=\"wp-block-uagb-icon-list-child uagb-block-f274445d will-appear fade-up delay-2\"><span class=\"uagb-icon-list__source-wrap\"><img decoding=\"async\" class=\"uagb-icon-list__source-image\" src=\"https:\/\/liebevollich.de\/wp-content\/uploads\/2024\/12\/arrow.png\" width=\"16\" height=\"25\" loading=\"lazy\" alt=\"\"\/><\/span><span class=\"uagb-icon-list__label\">Wie zeigt sich deine Haltung zur W\u00fcrde im Alltag \u2013 in kleinen, spontanen Begegnungen genauso wie in wichtigen Entscheidungen?<\/span><\/div>\n\n\n\n<div class=\"wp-block-uagb-icon-list-child uagb-block-4e95d3f1 will-appear fade-up delay-3\"><span class=\"uagb-icon-list__source-wrap\"><img decoding=\"async\" class=\"uagb-icon-list__source-image\" src=\"https:\/\/liebevollich.de\/wp-content\/uploads\/2024\/12\/arrow.png\" width=\"16\" height=\"25\" loading=\"lazy\" alt=\"\"\/><\/span><span class=\"uagb-icon-list__label\">Wo kannst du bewusster darauf achten, andere in ihrer Einzigartigkeit und ihrem Wert zu respektieren?<\/span><\/div>\n\n\n\n<div class=\"wp-block-uagb-icon-list-child uagb-block-48ffab18 will-appear fade-up delay-4\"><span class=\"uagb-icon-list__source-wrap\"><img decoding=\"async\" class=\"uagb-icon-list__source-image\" src=\"https:\/\/liebevollich.de\/wp-content\/uploads\/2024\/12\/arrow.png\" width=\"16\" height=\"25\" loading=\"lazy\" alt=\"\"\/><\/span><span class=\"uagb-icon-list__label\">Welche Rolle spielt Selbstachtung und Selbstf\u00fcrsorge f\u00fcr deine eigene W\u00fcrde?<\/span><\/div>\n\n\n\n<div class=\"wp-block-uagb-icon-list-child uagb-block-847eb822 will-appear fade-up delay-5\"><span class=\"uagb-icon-list__source-wrap\"><img decoding=\"async\" class=\"uagb-icon-list__source-image\" src=\"https:\/\/liebevollich.de\/wp-content\/uploads\/2024\/12\/arrow.png\" width=\"16\" height=\"25\" loading=\"lazy\" alt=\"\"\/><\/span><span class=\"uagb-icon-list__label\">Wie sieht ein Arbeits- oder Lebensumfeld aus, in dem du dich in deiner W\u00fcrde wertgesch\u00e4tzt f\u00fchlst?<\/span><\/div>\n<\/div><\/div>\n<\/div>\n\n\n\n<div class=\"wp-block-uagb-image uagb-block-4f9a6841 wp-block-uagb-image--layout-default wp-block-uagb-image--effect-static wp-block-uagb-image--align-none will-appear fade-up delay-1\"><figure class=\"wp-block-uagb-image__figure\"><img decoding=\"async\" srcset=\"https:\/\/liebevollich.de\/wp-content\/uploads\/2024\/12\/Questions-bro-1.png ,https:\/\/liebevollich.de\/wp-content\/uploads\/2024\/12\/Questions-bro-1.png 780w, https:\/\/liebevollich.de\/wp-content\/uploads\/2024\/12\/Questions-bro-1.png 360w\" sizes=\"auto, (max-width: 480px) 150px\" src=\"https:\/\/liebevollich.de\/wp-content\/uploads\/2024\/12\/Questions-bro-1.png\" alt=\"\" class=\"uag-image-177\" width=\"500\" height=\"501\" title=\"Questions-bro 1\" loading=\"lazy\" role=\"img\"\/><\/figure><\/div>\n<\/div>\n\n\n\n<div class=\"wp-block-uagb-container will-appear fade-up has-links uagb-block-ce284057\">\n<div class=\"wp-block-uagb-advanced-heading uagb-block-e5522b9e\"><h2 class=\"uagb-heading-text\">Wenn du tiefer in das Thema W\u00fcrde eintauchen und dar\u00fcber diskutieren m\u00f6chtest, laden wir dich herzlich zu unseren <a href=\"https:\/\/liebevollich.de\/?page_id=394\" data-type=\"page\" data-id=\"394\">W\u00fcrde World Caf\u00e9s<\/a> ein.<br><br>Du willst aktiv gestalten? Lass dich in unserer Akademie zum <a href=\"https:\/\/liebevollich.de\/?page_id=1344\" data-type=\"page\" data-id=\"1344\">W\u00fcrde-Botschafter<\/a> ausbilden oder als Unternehmen oder Organisation von uns begleiten.<br><br>Das Team von LiebevollICH unterst\u00fctzt dich dabei, deine W\u00fcrde in allen Bereichen deines Lebens und Handelns wirkungsvoll zu integrieren \u2013 und an deine Mitmenschen&nbsp;weiterzugeben.<\/h2><\/div>\n<\/div>\n\n\n\n<div class=\"wp-block-uagb-container uagb-block-fcba9f4b\">\n<div class=\"wp-block-uagb-advanced-heading uagb-block-c5c294fe\"><h2 class=\"uagb-heading-text\">Unser Flyer zum Thema W\u00fcrde, zum einlesen und weiterleiten<\/h2><\/div>\n\n\n\n<p style=\"text-align: center; font-family: inherit;\">\n  <a href=\"https:\/\/liebevollich.de\/wp-content\/uploads\/2026\/03\/2026-03-Was-ist-Wuerde-Webseite.pdf\" download \n     style=\"color: #ffffff; text-decoration: none; font-size: 18px; font-weight: 400; font-family: inherit; background-color: #13adb7; padding: 12px 32px; border-radius: 50px; display: inline-block; transition: font-weight 0.1s ease;\"\n     onmouseover=\"this.style.fontWeight='700'\"\n     onmouseout=\"this.style.fontWeight='400'\">\n    \u279c Download\n  <\/a>\n<\/p>\n<\/div>\n<\/div>\n","protected":false},"excerpt":{"rendered":"<p>W\u00fcrdemehr als nur ein Wort Unser Flyer zum Thema W\u00fcrde, zum einlesen und weiterleiten \u279c Download \u201eWenn wir mit Menschen \u00fcber W\u00fcrde sprechen, werden viele erstmal still. Sie sammeln sich, [&hellip;]<\/p>\n","protected":false},"author":1,"featured_media":0,"parent":0,"menu_order":0,"comment_status":"closed","ping_status":"closed","template":"","meta":{"_uag_custom_page_level_css":".clip-path-one {\n\tposition: relative;\n}\n\n.clip-path-one svg {\n\tmargin-top: -20%;\n}\n\n.clip-path-one .text {\n\tz-index: 2;\n}\n\n.clip-path-one .text p {\n\tmargin: 0;\n}\n\n.clip-path-two {\n}\n\n.has-links a {\n\tfont-weight: bold;\n\ttext-decoration: underline !important;\n}","_EventAllDay":false,"_EventTimezone":"","_EventStartDate":"","_EventEndDate":"","_EventStartDateUTC":"","_EventEndDateUTC":"","_EventShowMap":false,"_EventShowMapLink":false,"_EventURL":"","_EventCost":"","_EventCostDescription":"","_EventCurrencySymbol":"","_EventCurrencyCode":"","_EventCurrencyPosition":"","_EventDateTimeSeparator":"","_EventTimeRangeSeparator":"","_EventOrganizerID":[],"_EventVenueID":[],"_OrganizerEmail":"","_OrganizerPhone":"","_OrganizerWebsite":"","_VenueAddress":"","_VenueCity":"","_VenueCountry":"","_VenueProvince":"","_VenueState":"","_VenueZip":"","_VenuePhone":"","_VenueURL":"","_VenueStateProvince":"","_VenueLat":"","_VenueLng":"","_VenueShowMap":false,"_VenueShowMapLink":false,"footnotes":""},"class_list":["post-121","page","type-page","status-publish","hentry"],"uagb_featured_image_src":{"full":false,"thumbnail":false,"medium":false,"medium_large":false,"large":false,"1536x1536":false,"2048x2048":false},"uagb_author_info":{"display_name":"admin_dev","author_link":"https:\/\/liebevollich.de\/?author=1"},"uagb_comment_info":0,"uagb_excerpt":"W\u00fcrdemehr als nur ein Wort Unser Flyer zum Thema W\u00fcrde, zum einlesen und weiterleiten \u279c Download \u201eWenn wir mit Menschen \u00fcber W\u00fcrde sprechen, werden viele erstmal still. Sie sammeln sich, [&hellip;]","_links":{"self":[{"href":"https:\/\/liebevollich.de\/index.php?rest_route=\/wp\/v2\/pages\/121","targetHints":{"allow":["GET"]}}],"collection":[{"href":"https:\/\/liebevollich.de\/index.php?rest_route=\/wp\/v2\/pages"}],"about":[{"href":"https:\/\/liebevollich.de\/index.php?rest_route=\/wp\/v2\/types\/page"}],"author":[{"embeddable":true,"href":"https:\/\/liebevollich.de\/index.php?rest_route=\/wp\/v2\/users\/1"}],"replies":[{"embeddable":true,"href":"https:\/\/liebevollich.de\/index.php?rest_route=%2Fwp%2Fv2%2Fcomments&post=121"}],"version-history":[{"count":152,"href":"https:\/\/liebevollich.de\/index.php?rest_route=\/wp\/v2\/pages\/121\/revisions"}],"predecessor-version":[{"id":2258,"href":"https:\/\/liebevollich.de\/index.php?rest_route=\/wp\/v2\/pages\/121\/revisions\/2258"}],"wp:attachment":[{"href":"https:\/\/liebevollich.de\/index.php?rest_route=%2Fwp%2Fv2%2Fmedia&parent=121"}],"curies":[{"name":"wp","href":"https:\/\/api.w.org\/{rel}","templated":true}]}}