{"id":1414,"date":"2025-01-29T15:29:33","date_gmt":"2025-01-29T14:29:33","guid":{"rendered":"http:\/\/liebevollich.local\/?page_id=1414"},"modified":"2026-01-26T20:05:07","modified_gmt":"2026-01-26T19:05:07","slug":"ehrenamt","status":"publish","type":"page","link":"https:\/\/liebevollich.de\/?page_id=1414","title":{"rendered":"EHRENAMT"},"content":{"rendered":"\n<div class=\"wp-block-uagb-container container uagb-block-337923ab alignfull uagb-is-root-container\">\n<div class=\"wp-block-uagb-container will-appear fade-in uagb-block-5eb25aef\"><\/div>\n\n\n\n<div class=\"wp-block-uagb-advanced-heading uagb-block-3dc5dc60 will-appear fade-up\"><h2 class=\"uagb-heading-text\">Ehrenamt bei LiebevollICH \u2013 Gemeinsam f\u00fcr eine w\u00fcrdevollere Welt<\/h2><\/div>\n\n\n\n<div class=\"wp-block-uagb-container uagb-block-505c7a12 alignfull uagb-is-root-container\">\n<div class=\"wp-block-uagb-container uagb-block-75e6eee8\">\n<div class=\"wp-block-uagb-advanced-heading uagb-block-78675b2c will-appear fade-up\"><p class=\"uagb-desc-text\">Mach den Unterschied \u2013 Arbeite ehrenamtlich mit bei LiebevollICH<\/p><\/div>\n\n\n\n<div class=\"wp-block-uagb-image uagb-block-266ad4fa wp-block-uagb-image--layout-default wp-block-uagb-image--effect-static wp-block-uagb-image--align-none will-appear fade-up delay-1\"><figure class=\"wp-block-uagb-image__figure\"><img decoding=\"async\" srcset=\"https:\/\/liebevollich.de\/wp-content\/uploads\/2024\/12\/pen-under-digital.png ,https:\/\/liebevollich.de\/wp-content\/uploads\/2024\/12\/pen-under-digital.png 780w, https:\/\/liebevollich.de\/wp-content\/uploads\/2024\/12\/pen-under-digital.png 360w\" sizes=\"auto, (max-width: 480px) 150px\" src=\"https:\/\/liebevollich.de\/wp-content\/uploads\/2024\/12\/pen-under-digital.png\" alt=\"\" class=\"uag-image-497\" width=\"521\" height=\"26\" title=\"pen under digital\" loading=\"lazy\" role=\"img\"\/><\/figure><\/div>\n\n\n\n<p class=\"has-text-align-left will-appear fade-up delay-2 has-black-color has-text-color has-link-color wp-elements-0a0e6127f6b79c9eedadad8bbf4194da\" style=\"font-size:20px\">Deine Zeit, Deine Talente, Dein Engagement \u2013 \u200b\u200bgemeinsam schaffen wir R\u00e4ume f\u00fcr W\u00fcrde, Respekt und Menschlichkeit.<\/p>\n<\/div>\n\n\n\n<div class=\"wp-block-uagb-container will-appear fade-up delay-2 card-shadow uagb-block-f764471c\"><\/div>\n<\/div>\n\n\n\n<div class=\"wp-block-uagb-container uagb-block-72b01a9f alignfull uagb-is-root-container\"><div class=\"uagb-container-inner-blocks-wrap\">\n<div class=\"wp-block-uagb-advanced-heading uagb-block-96504cc0 will-appear fade-up delay-2\"><h2 class=\"uagb-heading-text\">Deine Chance, etwas zu bewegen<\/h2><p class=\"uagb-desc-text\">Engagiere Dich ehrenamtlich bei LiebevollICH und werde Teil einer Bewegung, die sich f\u00fcr Freiheit, Demokratie und eine gerechtere Gesellschaft einsetzt. Ob bei Veranstaltungen, Workshops oder im kreativen Austausch \u2013 Dein Einsatz macht den Unterschied!<\/p><\/div>\n<\/div><\/div>\n\n\n\n<div class=\"wp-block-uagb-container uagb-block-c60676c6 alignfull uagb-is-root-container\"><div class=\"uagb-container-inner-blocks-wrap\">\n<div class=\"wp-block-uagb-advanced-heading uagb-block-fb8520b2 will-appear fade-up delay-2\"><h2 class=\"uagb-heading-text\">Warum LiebevollICH?<\/h2><p class=\"uagb-desc-text\">In einer Zeit, in der Respekt und Menschlichkeit mehr denn je gebraucht werden, setzt LiebevollICH ein Zeichen: F\u00fcr eine Welt, in der W\u00fcrde nicht nur ein Wort, sondern gelebte Realit\u00e4t ist. Unser Ziel ist es, Menschen zu verbinden und gemeinsam positive Impulse f\u00fcr die Gesellschaft zu setzen.<br>Als Ehrenamtlicher bei LiebevollICH wirst Du Teil einer engagierten Gemeinschaft, die Bildung, Dialog und nachhaltige Transformation vorantreibt. Ob du uns ein paar Stunden im Monat oder regelm\u00e4\u00dfige unterst\u00fctzt \u2013 bei uns findest Du die M\u00f6glichkeit, Deine F\u00e4higkeiten sinnvoll einzusetzen.<\/p><\/div>\n<\/div><\/div>\n\n\n\n<div class=\"wp-block-uagb-container uagb-block-50813416\">\n<div class=\"wp-block-uagb-container uagb-block-1117fa1a\">\n<div class=\"wp-block-uagb-advanced-heading uagb-block-f8a7ddd0 will-appear fade-up\"><h2 class=\"uagb-heading-text\">Dein Engagement z\u00e4hlt<\/h2><\/div>\n\n\n\n<div class=\"wp-block-uagb-container will-appear fade-up delay-1 uagb-block-4f9cf1aa\"><\/div>\n\n\n\n<div class=\"wp-block-uagb-advanced-heading uagb-block-da30cb26 will-appear fade-up delay-1\"><p class=\"uagb-heading-text\">Was Du bei uns tun kannst:<\/p><\/div>\n\n\n\n<div class=\"wp-block-uagb-container uagb-block-da08c958\">\n<div class=\"wp-block-uagb-container will-appear fade-up uagb-block-03ee8eb3\"><\/div>\n\n\n\n<div class=\"wp-block-uagb-container uagb-block-e24c1f71\">\n<div class=\"wp-block-uagb-container will-appear fade-up uagb-block-9f347083\">\n<div class=\"wp-block-uagb-container uagb-block-f0deecdb\">\n<div class=\"wp-block-uagb-icon-list uagb-block-fabd9e68\"><div class=\"uagb-icon-list__wrap\">\n<div class=\"wp-block-uagb-icon-list-child uagb-block-22ab5b96\"><span class=\"uagb-icon-list__source-wrap\"><svg xmlns=\"https:\/\/www.w3.org\/2000\/svg\" viewBox=\"0 0 448 512\"><path d=\"M438.6 278.6l-160 160C272.4 444.9 264.2 448 256 448s-16.38-3.125-22.62-9.375c-12.5-12.5-12.5-32.75 0-45.25L338.8 288H32C14.33 288 .0016 273.7 .0016 256S14.33 224 32 224h306.8l-105.4-105.4c-12.5-12.5-12.5-32.75 0-45.25s32.75-12.5 45.25 0l160 160C451.1 245.9 451.1 266.1 438.6 278.6z\"><\/path><\/svg><\/span><span class=\"uagb-icon-list__label\">Workshops und Veranstaltungen:<\/span><\/div>\n<\/div><\/div>\n<\/div>\n\n\n\n<div class=\"wp-block-uagb-advanced-heading uagb-block-c1893183\"><h2 class=\"uagb-heading-text\">Unterst\u00fctze uns bei der Organisation und Durchf\u00fchrung unserer W\u00fcrde-Workshops oder des Tags der W\u00fcrde.<\/h2><\/div>\n<\/div>\n\n\n\n<div class=\"wp-block-uagb-container will-appear fade-up uagb-block-fe79cd91\">\n<div class=\"wp-block-uagb-container uagb-block-4c445eaf\">\n<div class=\"wp-block-uagb-icon-list uagb-block-0cd78f50\"><div class=\"uagb-icon-list__wrap\">\n<div class=\"wp-block-uagb-icon-list-child uagb-block-4a3b35ed\"><span class=\"uagb-icon-list__source-wrap\"><svg xmlns=\"https:\/\/www.w3.org\/2000\/svg\" viewBox=\"0 0 448 512\"><path d=\"M438.6 278.6l-160 160C272.4 444.9 264.2 448 256 448s-16.38-3.125-22.62-9.375c-12.5-12.5-12.5-32.75 0-45.25L338.8 288H32C14.33 288 .0016 273.7 .0016 256S14.33 224 32 224h306.8l-105.4-105.4c-12.5-12.5-12.5-32.75 0-45.25s32.75-12.5 45.25 0l160 160C451.1 245.9 451.1 266.1 438.6 278.6z\"><\/path><\/svg><\/span><span class=\"uagb-icon-list__label\">Bildung und Dialog:<\/span><\/div>\n<\/div><\/div>\n<\/div>\n\n\n\n<div class=\"wp-block-uagb-advanced-heading uagb-block-6f7205bb\"><h2 class=\"uagb-heading-text\">Werde aktiv in unseren Selbsthilfegruppen oder W\u00fcrde-World-Caf\u00e9s und f\u00f6rder den Austausch \u00fcber Menschlichkeit und Werte.<\/h2><\/div>\n<\/div>\n\n\n\n<div class=\"wp-block-uagb-container will-appear fade-up uagb-block-a2857ae2\">\n<div class=\"wp-block-uagb-container uagb-block-93957db1\">\n<div class=\"wp-block-uagb-icon-list uagb-block-8489d972\"><div class=\"uagb-icon-list__wrap\">\n<div class=\"wp-block-uagb-icon-list-child uagb-block-0e2712ca\"><span class=\"uagb-icon-list__source-wrap\"><svg xmlns=\"https:\/\/www.w3.org\/2000\/svg\" viewBox=\"0 0 448 512\"><path d=\"M438.6 278.6l-160 160C272.4 444.9 264.2 448 256 448s-16.38-3.125-22.62-9.375c-12.5-12.5-12.5-32.75 0-45.25L338.8 288H32C14.33 288 .0016 273.7 .0016 256S14.33 224 32 224h306.8l-105.4-105.4c-12.5-12.5-12.5-32.75 0-45.25s32.75-12.5 45.25 0l160 160C451.1 245.9 451.1 266.1 438.6 278.6z\"><\/path><\/svg><\/span><span class=\"uagb-icon-list__label\">Kreative Mitarbeit:<\/span><\/div>\n<\/div><\/div>\n<\/div>\n\n\n\n<div class=\"wp-block-uagb-advanced-heading uagb-block-59956ec6\"><h2 class=\"uagb-heading-text\">Bringe Deine Ideen f\u00fcr Kampagnen, Inhalte oder Aktionen ein \u2013 wir freuen uns \u00fcber frische Perspektiven und Anregungen!<\/h2><\/div>\n<\/div>\n\n\n\n<div class=\"wp-block-uagb-container will-appear fade-up uagb-block-aaf70ef6\">\n<div class=\"wp-block-uagb-container uagb-block-f5f1e813\">\n<div class=\"wp-block-uagb-icon-list uagb-block-ab554b49\"><div class=\"uagb-icon-list__wrap\">\n<div class=\"wp-block-uagb-icon-list-child uagb-block-60c88bed\"><span class=\"uagb-icon-list__source-wrap\"><svg xmlns=\"https:\/\/www.w3.org\/2000\/svg\" viewBox=\"0 0 448 512\"><path d=\"M438.6 278.6l-160 160C272.4 444.9 264.2 448 256 448s-16.38-3.125-22.62-9.375c-12.5-12.5-12.5-32.75 0-45.25L338.8 288H32C14.33 288 .0016 273.7 .0016 256S14.33 224 32 224h306.8l-105.4-105.4c-12.5-12.5-12.5-32.75 0-45.25s32.75-12.5 45.25 0l160 160C451.1 245.9 451.1 266.1 438.6 278.6z\"><\/path><\/svg><\/span><span class=\"uagb-icon-list__label\">Hinter den Kulissen:<\/span><\/div>\n<\/div><\/div>\n<\/div>\n\n\n\n<div class=\"wp-block-uagb-advanced-heading uagb-block-4fb26d1f\"><h2 class=\"uagb-heading-text\">Hilf uns bei administrativen Aufgaben, im Fundraising oder in der<br>\u00d6ffentlichkeitsarbeit.<\/h2><\/div>\n<\/div>\n<\/div>\n<\/div>\n<\/div>\n<\/div>\n\n\n\n<div class=\"wp-block-uagb-container uagb-block-728ffd0f\">\n<div class=\"wp-block-uagb-advanced-heading uagb-block-cfe8b22d will-appear fade-up delay-2\"><h2 class=\"uagb-heading-text\">Warum LiebevollICH?<\/h2><\/div>\n\n\n\n<div class=\"wp-block-uagb-container will-appear fade-up uagb-block-5ca9d541\">\n<div class=\"wp-block-uagb-container uagb-block-6dc3a13d\">\n<div class=\"wp-block-uagb-icon-list uagb-block-d2a7ada5\"><div class=\"uagb-icon-list__wrap\">\n<div class=\"wp-block-uagb-icon-list-child uagb-block-eacbfae4\"><span class=\"uagb-icon-list__source-wrap\"><svg xmlns=\"https:\/\/www.w3.org\/2000\/svg\" viewBox=\"0 0 448 512\"><path d=\"M438.6 278.6l-160 160C272.4 444.9 264.2 448 256 448s-16.38-3.125-22.62-9.375c-12.5-12.5-12.5-32.75 0-45.25L338.8 288H32C14.33 288 .0016 273.7 .0016 256S14.33 224 32 224h306.8l-105.4-105.4c-12.5-12.5-12.5-32.75 0-45.25s32.75-12.5 45.25 0l160 160C451.1 245.9 451.1 266.1 438.6 278.6z\"><\/path><\/svg><\/span><span class=\"uagb-icon-list__label\">Gemeinschaft:<\/span><\/div>\n<\/div><\/div>\n<\/div>\n\n\n\n<div class=\"wp-block-uagb-advanced-heading uagb-block-78f33460\"><h2 class=\"uagb-heading-text\">Werde Teil eines Teams, das Dich inspiriert und unterst\u00fctzt.<\/h2><\/div>\n<\/div>\n\n\n\n<div class=\"wp-block-uagb-container will-appear fade-up uagb-block-0091f892\">\n<div class=\"wp-block-uagb-container uagb-block-34505443\">\n<div class=\"wp-block-uagb-icon-list uagb-block-4c92880a\"><div class=\"uagb-icon-list__wrap\">\n<div class=\"wp-block-uagb-icon-list-child uagb-block-391a4674\"><span class=\"uagb-icon-list__source-wrap\"><svg xmlns=\"https:\/\/www.w3.org\/2000\/svg\" viewBox=\"0 0 448 512\"><path d=\"M438.6 278.6l-160 160C272.4 444.9 264.2 448 256 448s-16.38-3.125-22.62-9.375c-12.5-12.5-12.5-32.75 0-45.25L338.8 288H32C14.33 288 .0016 273.7 .0016 256S14.33 224 32 224h306.8l-105.4-105.4c-12.5-12.5-12.5-32.75 0-45.25s32.75-12.5 45.25 0l160 160C451.1 245.9 451.1 266.1 438.6 278.6z\"><\/path><\/svg><\/span><span class=\"uagb-icon-list__label\">Weiterbildung:<\/span><\/div>\n<\/div><\/div>\n<\/div>\n\n\n\n<div class=\"wp-block-uagb-advanced-heading uagb-block-1a037f81\"><h2 class=\"uagb-heading-text\">Profitiere von Workshops und Schulungen rund um die Themen W\u00fcrde, Empathie und gesellschaftlicher Wandel.<\/h2><\/div>\n<\/div>\n\n\n\n<div class=\"wp-block-uagb-container will-appear fade-up uagb-block-46f27882\">\n<div class=\"wp-block-uagb-container uagb-block-9326543f\">\n<div class=\"wp-block-uagb-icon-list uagb-block-890cc3e1\"><div class=\"uagb-icon-list__wrap\">\n<div class=\"wp-block-uagb-icon-list-child uagb-block-62a3f9a1\"><span class=\"uagb-icon-list__source-wrap\"><svg xmlns=\"https:\/\/www.w3.org\/2000\/svg\" viewBox=\"0 0 448 512\"><path d=\"M438.6 278.6l-160 160C272.4 444.9 264.2 448 256 448s-16.38-3.125-22.62-9.375c-12.5-12.5-12.5-32.75 0-45.25L338.8 288H32C14.33 288 .0016 273.7 .0016 256S14.33 224 32 224h306.8l-105.4-105.4c-12.5-12.5-12.5-32.75 0-45.25s32.75-12.5 45.25 0l160 160C451.1 245.9 451.1 266.1 438.6 278.6z\"><\/path><\/svg><\/span><span class=\"uagb-icon-list__label\">Sinnstiftung:<\/span><\/div>\n<\/div><\/div>\n<\/div>\n\n\n\n<div class=\"wp-block-uagb-advanced-heading uagb-block-739e65e8\"><h2 class=\"uagb-heading-text\">Erlebe, wie Deine Arbeit einen Wandel in unserer Gesellschaft erzeugt \u2013 f\u00fcr Dich und f\u00fcr andere.<\/h2><\/div>\n<\/div>\n<\/div>\n\n\n\n<div class=\"wp-block-uagb-container uagb-block-d0c4cfc2\">\n<div class=\"wp-block-uagb-advanced-heading uagb-block-16960717 will-appear fade-up delay-2\"><h2 class=\"uagb-heading-text\">Gemeinsam ver\u00e4ndern wir die Welt<\/h2><\/div>\n\n\n\n<p class=\"has-medium-font-size\">Ehrenamt bei LiebevollICH ist mehr als eine Aufgabe \u2013 es ist eine Bewegung. Deine Zeit und Dein Engagement tragen dazu bei, unsere Vision von einer respektvollen, w\u00fcrdevollen Gesellschaft Wirklichkeit werden zu lassen.<\/p>\n<\/div>\n\n\n\n<div class=\"wp-block-uagb-container uagb-block-83d5a3ac\">\n<div class=\"wp-block-uagb-advanced-heading uagb-block-03d320f9 will-appear fade-up delay-2\"><h2 class=\"uagb-heading-text\">Mach mit \u2013 unterst\u00fctze LiebevollICH ehrenamtlich!\u2028\u2028<\/h2><\/div>\n\n\n\n<p class=\"has-medium-font-size\">Engagiere Dich f\u00fcr unsere Organisation, die Herzen vieler Menschen bewegt und Leben positiv ver\u00e4ndert. Melde Dich heute noch an und setze ein Zeichen f\u00fcr W\u00fcrde, Respekt und Nachhaltigkeit.<\/p>\n\n\n\n<div class=\"wp-block-uagb-advanced-heading uagb-block-488490ca\"><h3 class=\"uagb-heading-text\">WIR FREUEN UNS AUF DICH!<\/h3><\/div>\n\n\n\n<div class=\"wp-block-uagb-buttons uagb-buttons__outer-wrap uagb-btn__default-btn uagb-btn-tablet__default-btn uagb-btn-mobile__default-btn uagb-block-a88f7d42\"><div class=\"uagb-buttons__wrap uagb-buttons-layout-wrap \">\n<div class=\"wp-block-uagb-buttons-child uagb-buttons__outer-wrap uagb-block-24760f5a wp-block-button will-appear fade-up delay-3\"><div class=\"uagb-button__wrapper\"><a class=\"uagb-buttons-repeater wp-block-button__link\" aria-label=\"\" href=\"https:\/\/liebevollich.de\/kontakt\/\" rel=\"follow noopener\" target=\"_self\" role=\"button\"><div class=\"uagb-button__link\">Link zum Anmelden<\/div><\/a><\/div><\/div>\n<\/div><\/div>\n<\/div>\n<\/div>\n","protected":false},"excerpt":{"rendered":"<p>Ehrenamt bei LiebevollICH \u2013 Gemeinsam f\u00fcr eine w\u00fcrdevollere Welt Mach den Unterschied \u2013 Arbeite ehrenamtlich mit bei LiebevollICH Deine Zeit, Deine Talente, Dein Engagement \u2013 \u200b\u200bgemeinsam schaffen wir R\u00e4ume f\u00fcr [&hellip;]<\/p>\n","protected":false},"author":2,"featured_media":0,"parent":0,"menu_order":0,"comment_status":"closed","ping_status":"closed","template":"","meta":{"_uag_custom_page_level_css":"","_EventAllDay":false,"_EventTimezone":"","_EventStartDate":"","_EventEndDate":"","_EventStartDateUTC":"","_EventEndDateUTC":"","_EventShowMap":false,"_EventShowMapLink":false,"_EventURL":"","_EventCost":"","_EventCostDescription":"","_EventCurrencySymbol":"","_EventCurrencyCode":"","_EventCurrencyPosition":"","_EventDateTimeSeparator":"","_EventTimeRangeSeparator":"","_EventOrganizerID":[],"_EventVenueID":[],"_OrganizerEmail":"","_OrganizerPhone":"","_OrganizerWebsite":"","_VenueAddress":"","_VenueCity":"","_VenueCountry":"","_VenueProvince":"","_VenueState":"","_VenueZip":"","_VenuePhone":"","_VenueURL":"","_VenueStateProvince":"","_VenueLat":"","_VenueLng":"","_VenueShowMap":false,"_VenueShowMapLink":false,"footnotes":""},"class_list":["post-1414","page","type-page","status-publish","hentry"],"uagb_featured_image_src":{"full":false,"thumbnail":false,"medium":false,"medium_large":false,"large":false,"1536x1536":false,"2048x2048":false},"uagb_author_info":{"display_name":"test_dev_X1@","author_link":"https:\/\/liebevollich.de\/?author=2"},"uagb_comment_info":0,"uagb_excerpt":"Ehrenamt bei LiebevollICH \u2013 Gemeinsam f\u00fcr eine w\u00fcrdevollere Welt Mach den Unterschied \u2013 Arbeite ehrenamtlich mit bei LiebevollICH Deine Zeit, Deine Talente, Dein Engagement \u2013 \u200b\u200bgemeinsam schaffen wir R\u00e4ume f\u00fcr [&hellip;]","_links":{"self":[{"href":"https:\/\/liebevollich.de\/index.php?rest_route=\/wp\/v2\/pages\/1414","targetHints":{"allow":["GET"]}}],"collection":[{"href":"https:\/\/liebevollich.de\/index.php?rest_route=\/wp\/v2\/pages"}],"about":[{"href":"https:\/\/liebevollich.de\/index.php?rest_route=\/wp\/v2\/types\/page"}],"author":[{"embeddable":true,"href":"https:\/\/liebevollich.de\/index.php?rest_route=\/wp\/v2\/users\/2"}],"replies":[{"embeddable":true,"href":"https:\/\/liebevollich.de\/index.php?rest_route=%2Fwp%2Fv2%2Fcomments&post=1414"}],"version-history":[{"count":19,"href":"https:\/\/liebevollich.de\/index.php?rest_route=\/wp\/v2\/pages\/1414\/revisions"}],"predecessor-version":[{"id":2161,"href":"https:\/\/liebevollich.de\/index.php?rest_route=\/wp\/v2\/pages\/1414\/revisions\/2161"}],"wp:attachment":[{"href":"https:\/\/liebevollich.de\/index.php?rest_route=%2Fwp%2Fv2%2Fmedia&parent=1414"}],"curies":[{"name":"wp","href":"https:\/\/api.w.org\/{rel}","templated":true}]}}