{"id":1512,"date":"2025-02-03T23:10:48","date_gmt":"2025-02-03T22:10:48","guid":{"rendered":"https:\/\/liebevollich.de\/?page_id=1512"},"modified":"2026-04-03T12:05:41","modified_gmt":"2026-04-03T10:05:41","slug":"uber-den-verein-2","status":"publish","type":"page","link":"https:\/\/liebevollich.de\/?page_id=1512","title":{"rendered":"DER VEREIN"},"content":{"rendered":"\n<div class=\"wp-block-uagb-container container uagb-block-337923ab alignfull uagb-is-root-container\">\n<div class=\"wp-block-uagb-advanced-heading uagb-block-3dc5dc60\"><h2 class=\"uagb-heading-text\">\u00dcBER DEN VEREIN<\/h2><\/div>\n\n\n\n<div class=\"wp-block-uagb-container container uagb-block-121504a6 alignfull uagb-is-root-container\"><div class=\"uagb-container-inner-blocks-wrap\">\n<div class=\"wp-block-uagb-container will-appear fade-up uagb-block-5be64fc3\">\n<div class=\"wp-block-uagb-advanced-heading uagb-block-6d7d8055\"><h2 class=\"uagb-heading-text\">Ehrenmitglied<\/h2><\/div>\n\n\n\n<div class=\"wp-block-uagb-advanced-heading uagb-block-f3545bed\"><p class=\"uagb-heading-text\"><strong>Prof. Dr. Gesa Schwanitz<\/strong><\/p><\/div>\n\n\n\n<div class=\"wp-block-uagb-image uagb-block-52312050 wp-block-uagb-image--layout-default wp-block-uagb-image--effect-static wp-block-uagb-image--align-none\"><figure class=\"wp-block-uagb-image__figure\"><img decoding=\"async\" srcset=\"https:\/\/liebevollich.de\/wp-content\/uploads\/2026\/03\/WhatsApp-Image-2026-03-25-at-19.44.47.jpeg ,https:\/\/liebevollich.de\/wp-content\/uploads\/2026\/03\/WhatsApp-Image-2026-03-25-at-19.44.47.jpeg 780w, https:\/\/liebevollich.de\/wp-content\/uploads\/2026\/03\/WhatsApp-Image-2026-03-25-at-19.44.47.jpeg 360w\" sizes=\"auto, (max-width: 480px) 150px\" src=\"https:\/\/liebevollich.de\/wp-content\/uploads\/2026\/03\/WhatsApp-Image-2026-03-25-at-19.44.47.jpeg\" alt=\"\" class=\"uag-image-2238\" width=\"800\" height=\"571\" title=\"Prof. Dr. Gesa Schwanitz\" loading=\"lazy\" role=\"img\"\/><\/figure><\/div>\n<\/div>\n<\/div><\/div>\n\n\n\n<p style=\"font-size:18px\">Der Verein \u201eLiebevollICH\u201c e. V. verfolgt das Ziel, soziale und gesundheitliche Aufgaben in den Mittelpunkt seiner Arbeit zu stellen. Im Zentrum unseres Handelns steht der Mensch \u2013 mit seiner W\u00fcrde als unver\u00e4u\u00dferlichem Kern. Unser Anliegen ist es, Menschen dabei zu unterst\u00fctzen, ihre eigene W\u00fcrde zu erkennen, zu st\u00e4rken und zu leben.<br>Durch die Erfahrung von Selbstwirksamkeit k\u00f6nnen pers\u00f6nliche Potenziale entfaltet werden, was zu einem gest\u00e4rkten Selbstwertgef\u00fchl f\u00fchrt. Dies bildet die Basis f\u00fcr ein solidarisches und respektvolles Zusammenleben in einer vielf\u00e4ltigen, multipolaren Welt.<br><br>Einblicke in die Gr\u00fcndung: Die Gr\u00fcndungsversammlung fand am 01.06.2023 statt. Der Verein ist inzwischen beim Amtsgericht unter der VR-Nummer 21700 registriert und als gemeinn\u00fctzig anerkannt.<br>Die Gr\u00fcndungsmitglieder setzen sich mit Engagement und Vision daf\u00fcr ein, die Ziele und Werte von \u201eLiebevoll ICH\u201c zu verwirklichen und nachhaltige Impulse f\u00fcr eine menschlichere Gesellschaft zu geben. Folgende Personen wurden in den Vorstand gew\u00e4hlt:<\/p>\n\n\n\n<div class=\"wp-block-uagb-advanced-heading uagb-block-5a78b875\"><h2 class=\"uagb-heading-text\">Cornelia Schw\u00f6ppe, Bergisch Gladbach<\/h2><\/div>\n\n\n\n<p style=\"font-size:18px\">Vorsitzende<br><strong>E-Mail:<\/strong>&nbsp;<span style=\"text-decoration: underline;\"><strong>schwoeppe@liebevollich.de<\/strong><\/span><\/p>\n\n\n\n<div class=\"wp-block-uagb-advanced-heading uagb-block-170ae121\"><h2 class=\"uagb-heading-text\">Marleen Saborowski, Hamburg<\/h2><\/div>\n\n\n\n<p style=\"font-size:18px\">Stellvertretende Vorsitzende<br><strong>E-Mail:<\/strong>&nbsp;<span style=\"text-decoration: underline;\"><strong>marleen.saborowski@web.de<\/strong><\/span><\/p>\n\n\n\n<div class=\"wp-block-uagb-advanced-heading uagb-block-9531e5c4\"><h2 class=\"uagb-heading-text\">Joachim Uebele, Bergisch Gladbach<\/h2><\/div>\n\n\n\n<p style=\"font-size:18px\">Stellvertretender Vorsitzender<br><strong>E-Mail:<\/strong>&nbsp;<span style=\"text-decoration: underline;\"><strong>Juebele@online.de<\/strong><\/span><\/p>\n\n\n\n<div class=\"wp-block-uagb-advanced-heading uagb-block-dff0632d\"><h2 class=\"uagb-heading-text\">Sabine Jaax, Bergisch Gladbach<\/h2><\/div>\n\n\n\n<p style=\"font-size:18px\">Schatzmeisterin<br><strong>E-Mail:<\/strong>&nbsp;<span style=\"text-decoration: underline;\"><strong>jaax@liebevollich.de<\/strong><\/span><\/p>\n\n\n\n<div class=\"wp-block-uagb-advanced-heading uagb-block-b213a0c4\"><h2 class=\"uagb-heading-text\">Robert Pallowski, Bergisch Gladbach<\/h2><\/div>\n\n\n\n<p style=\"font-size:18px\">Kassenpr\u00fcfer<\/p>\n\n\n\n<p class=\"has-text-color has-link-color wp-elements-aba862a8414bba6d9a18b0af1f127324\" style=\"color:#13adb7;font-size:18px\"><strong><span style=\"text-decoration: underline;\"><a href=\"https:\/\/liebevollich.de\/wp-content\/uploads\/2025\/02\/Aufnahmeantrag-neu-20250118.docx\" data-type=\"link\" data-id=\"https:\/\/liebevollich.de\/wp-content\/uploads\/2025\/02\/Aufnahmeantrag-neu-20250118.docx\">Aufnahmeantrag (PDF)<\/a><br><a href=\"https:\/\/liebevollich.de\/wp-content\/uploads\/2025\/02\/Satzung-01.01.2024.docx\" data-type=\"link\" data-id=\"https:\/\/liebevollich.de\/wp-content\/uploads\/2025\/02\/Satzung-01.01.2024.docx\">Liebevoll ICH Satzung (PDF)<\/a><br><a href=\"https:\/\/liebevollich.de\/wp-content\/uploads\/2025\/02\/Beitragsordnung-LvI-20250118.docx\" data-type=\"link\" data-id=\"https:\/\/liebevollich.de\/wp-content\/uploads\/2025\/02\/Beitragsordnung-LvI-20250118.docx\">Beitragsordnung (PDF)<\/a><br><a href=\"https:\/\/liebevollich.de\/wp-content\/uploads\/2025\/02\/Gruppenrahmen-Wurde-Liebevoll-Ich-2024-1.docx\" data-type=\"link\" data-id=\"https:\/\/liebevollich.de\/wp-content\/uploads\/2025\/02\/Gruppenrahmen-Wurde-Liebevoll-Ich-2024-1.docx\">Gruppenrahmen (PDF)<\/a><\/span><\/strong><\/p>\n<\/div>\n","protected":false},"excerpt":{"rendered":"<p>\u00dcBER DEN VEREIN Ehrenmitglied Prof. Dr. Gesa Schwanitz Der Verein \u201eLiebevollICH\u201c e. V. verfolgt das Ziel, soziale und gesundheitliche Aufgaben in den Mittelpunkt seiner Arbeit zu stellen. Im Zentrum unseres [&hellip;]<\/p>\n","protected":false},"author":6,"featured_media":0,"parent":0,"menu_order":0,"comment_status":"closed","ping_status":"closed","template":"","meta":{"_uag_custom_page_level_css":"","_EventAllDay":false,"_EventTimezone":"","_EventStartDate":"","_EventEndDate":"","_EventStartDateUTC":"","_EventEndDateUTC":"","_EventShowMap":false,"_EventShowMapLink":false,"_EventURL":"","_EventCost":"","_EventCostDescription":"","_EventCurrencySymbol":"","_EventCurrencyCode":"","_EventCurrencyPosition":"","_EventDateTimeSeparator":"","_EventTimeRangeSeparator":"","_EventOrganizerID":[],"_EventVenueID":[],"_OrganizerEmail":"","_OrganizerPhone":"","_OrganizerWebsite":"","_VenueAddress":"","_VenueCity":"","_VenueCountry":"","_VenueProvince":"","_VenueState":"","_VenueZip":"","_VenuePhone":"","_VenueURL":"","_VenueStateProvince":"","_VenueLat":"","_VenueLng":"","_VenueShowMap":false,"_VenueShowMapLink":false,"footnotes":""},"class_list":["post-1512","page","type-page","status-publish","hentry"],"uagb_featured_image_src":{"full":false,"thumbnail":false,"medium":false,"medium_large":false,"large":false,"1536x1536":false,"2048x2048":false},"uagb_author_info":{"display_name":"Cornelia Schwoeppe","author_link":"https:\/\/liebevollich.de\/?author=6"},"uagb_comment_info":0,"uagb_excerpt":"\u00dcBER DEN VEREIN Ehrenmitglied Prof. Dr. Gesa Schwanitz Der Verein \u201eLiebevollICH\u201c e. V. verfolgt das Ziel, soziale und gesundheitliche Aufgaben in den Mittelpunkt seiner Arbeit zu stellen. Im Zentrum unseres [&hellip;]","_links":{"self":[{"href":"https:\/\/liebevollich.de\/index.php?rest_route=\/wp\/v2\/pages\/1512","targetHints":{"allow":["GET"]}}],"collection":[{"href":"https:\/\/liebevollich.de\/index.php?rest_route=\/wp\/v2\/pages"}],"about":[{"href":"https:\/\/liebevollich.de\/index.php?rest_route=\/wp\/v2\/types\/page"}],"author":[{"embeddable":true,"href":"https:\/\/liebevollich.de\/index.php?rest_route=\/wp\/v2\/users\/6"}],"replies":[{"embeddable":true,"href":"https:\/\/liebevollich.de\/index.php?rest_route=%2Fwp%2Fv2%2Fcomments&post=1512"}],"version-history":[{"count":22,"href":"https:\/\/liebevollich.de\/index.php?rest_route=\/wp\/v2\/pages\/1512\/revisions"}],"predecessor-version":[{"id":2265,"href":"https:\/\/liebevollich.de\/index.php?rest_route=\/wp\/v2\/pages\/1512\/revisions\/2265"}],"wp:attachment":[{"href":"https:\/\/liebevollich.de\/index.php?rest_route=%2Fwp%2Fv2%2Fmedia&parent=1512"}],"curies":[{"name":"wp","href":"https:\/\/api.w.org\/{rel}","templated":true}]}}