{"id":377,"date":"2024-12-25T17:16:04","date_gmt":"2024-12-25T17:16:04","guid":{"rendered":"http:\/\/liebevollich.local\/?page_id=377"},"modified":"2026-01-26T10:29:38","modified_gmt":"2026-01-26T09:29:38","slug":"front-page","status":"publish","type":"page","link":"https:\/\/liebevollich.de\/","title":{"rendered":"Startseite"},"content":{"rendered":"\n<div class=\"wp-block-uagb-container content uagb-block-4b9e9e0b alignfull uagb-is-root-container\">\n<div class=\"wp-block-uagb-container will-appear fade-up delay-1 uagb-block-99fe2f60\">\n<div class=\"wp-block-uagb-slider uagb-block-f72c912d uagb-slider-container\"><div class=\"uagb-slides uagb-swiper\"><div class=\"swiper-wrapper\">\n<div class=\"wp-block-uagb-slider-child uagb-slider-child-wrap swiper-slide uagb-block-23b433f7\"><div class=\"swiper-content\">\n<div class=\"wp-block-uagb-container uagb-block-50462619 default uagb-is-root-container\">\n<div class=\"wp-block-uagb-image alignleft uagb-block-3d3291bf wp-block-uagb-image--layout-default wp-block-uagb-image--effect-static wp-block-uagb-image--align-left\"><figure class=\"wp-block-uagb-image__figure\"><img decoding=\"async\" srcset=\"https:\/\/liebevollich.de\/wp-content\/uploads\/2025\/01\/Picture1-1.jpg ,https:\/\/liebevollich.de\/wp-content\/uploads\/2025\/01\/Picture1-1.jpg 780w, https:\/\/liebevollich.de\/wp-content\/uploads\/2025\/01\/Picture1-1.jpg 360w\" sizes=\"auto, (max-width: 480px) 150px\" src=\"https:\/\/liebevollich.de\/wp-content\/uploads\/2025\/01\/Picture1-1.jpg\" alt=\"\" class=\"uag-image-639\" width=\"108\" height=\"100\" title=\"Picture1\" loading=\"lazy\" role=\"img\"\/><\/figure><\/div>\n\n\n\n<div class=\"wp-block-uagb-container uagb-block-ff205e32\">\n<div class=\"wp-block-uagb-advanced-heading uagb-block-a6dfc015\"><h2 class=\"uagb-heading-text\">Andrea Kapusta<\/h2><\/div>\n\n\n\n<div class=\"wp-block-uagb-advanced-heading uagb-block-66529416\"><h3 class=\"uagb-heading-text\">Di\u00f6zesancaritasverband M\u00fcnster e.V.<\/h3><\/div>\n\n\n\n<div class=\"wp-block-uagb-advanced-heading uagb-block-09fac357\"><h2 class=\"uagb-heading-text\">Verbindlich, fachlich, engagiert, freundlich zugewandt \u2026 so habe ich Frau Cornelia Schw\u00f6ppe in unserer langj\u00e4hrigen Zusammenarbeit als Bildungsreferentin und Supervisorin stets erlebt. Mit ihrer Klarheit und positiven Art kann sie Menschen begeistern und motivieren. Die zahlreichen begeisterten R\u00fcckmeldungen aus Teamschulungen, Konzeptionsprozessen und Fortbildungskursen sprechen eine eigene Sprache und zeigen auf, wie wertvoll ihre kompetente Unterst\u00fctzung in Bildungsprozessen sein kann.<\/h2><\/div>\n<\/div>\n<\/div>\n<\/div><\/div>\n\n\n\n<div class=\"wp-block-uagb-slider-child uagb-slider-child-wrap swiper-slide uagb-block-5c9129a6\"><div class=\"swiper-content\">\n<div class=\"wp-block-uagb-container uagb-block-e10f1b81 default uagb-is-root-container\">\n<div class=\"wp-block-uagb-image uagb-block-498262a8 wp-block-uagb-image--layout-default wp-block-uagb-image--effect-static wp-block-uagb-image--align-none\"><figure class=\"wp-block-uagb-image__figure\"><img decoding=\"async\" srcset=\"https:\/\/liebevollich.de\/wp-content\/uploads\/2025\/02\/old-woman-edited-1024x994.jpg ,https:\/\/liebevollich.de\/wp-content\/uploads\/2025\/02\/old-woman-edited.jpg 780w, https:\/\/liebevollich.de\/wp-content\/uploads\/2025\/02\/old-woman-edited.jpg 360w\" sizes=\"auto, (max-width: 480px) 150px\" src=\"https:\/\/liebevollich.de\/wp-content\/uploads\/2025\/02\/old-woman-edited-1024x994.jpg\" alt=\"\" class=\"uag-image-1556\" width=\"94\" height=\"91\" title=\"old woman edited\" loading=\"lazy\" role=\"img\"\/><\/figure><\/div>\n\n\n\n<div class=\"wp-block-uagb-container uagb-block-a3ff296b\">\n<div class=\"wp-block-uagb-advanced-heading uagb-block-fcfd6eda\"><h2 class=\"uagb-heading-text\">Susanne H\u00f6ckelmann<\/h2><\/div>\n\n\n\n<div class=\"wp-block-uagb-advanced-heading uagb-block-1a75a395\"><h3 class=\"uagb-heading-text\">Waltrop<\/h3><\/div>\n\n\n\n<div class=\"wp-block-uagb-advanced-heading uagb-block-290bf733\"><h2 class=\"uagb-heading-text\">Im August 2023 lernte ich Frau Schw\u00f6ppe bei den Supervisionen f\u00fcr Kita-Leitungen kennen. Von Anfang an f\u00fchlte ich mich willkommen und konnte offen \u00fcber meine Ziele sprechen. Ihre gezielten Fragen brachten neue Perspektiven und f\u00f6rderten meine Selbstreflexion. Besonders wertvoll war ihre Unterst\u00fctzung bei der \u00d6ffnung unserer Kita zu einer offenen Arbeitsweise. Gemeinsam haben wir es geschafft, die Bed\u00fcrfnisse der Kinder in den Mittelpunkt zu stellen und Partizipation zu leben. <\/h2><\/div>\n<\/div>\n<\/div>\n<\/div><\/div>\n\n\n\n<div class=\"wp-block-uagb-slider-child uagb-slider-child-wrap swiper-slide uagb-block-fec170f5\"><div class=\"swiper-content\">\n<div class=\"wp-block-uagb-container uagb-block-579de963 default uagb-is-root-container\">\n<div class=\"wp-block-uagb-container uagb-block-b9813bc9\">\n<div class=\"wp-block-uagb-advanced-heading uagb-block-93206cf9\"><h2 class=\"uagb-heading-text\">Michaela Stegh<\/h2><\/div>\n\n\n\n<div class=\"wp-block-uagb-advanced-heading uagb-block-5945e766\"><h3 class=\"uagb-heading-text\">Mitglied der Selbsthilfe, Dipl. Sozialarbeiterin<\/h3><\/div>\n\n\n\n<div class=\"wp-block-uagb-advanced-heading uagb-block-ca694d25\"><h2 class=\"uagb-heading-text\">In einer schwierigen Lebensphase wurde ich von Frau Cornelia Schw\u00f6ppe mit gro\u00dfer Fachlichkeit und Menschlichkeit begleitet. Ihre Unterst\u00fctzung half mir, meine Selbstwahrnehmung zu f\u00f6rdern und Herausforderungen mit Freude statt Belastung zu sehen. Die ver\u00e4nderte Perspektive und neue Herangehensweise st\u00e4rkten meine pers\u00f6nliche Weiterentwicklung. <\/h2><\/div>\n<\/div>\n<\/div>\n<\/div><\/div>\n\n\n\n<div class=\"wp-block-uagb-slider-child uagb-slider-child-wrap swiper-slide uagb-block-72016374\"><div class=\"swiper-content\">\n<div class=\"wp-block-uagb-container uagb-block-a24b5609 default uagb-is-root-container\">\n<div class=\"wp-block-uagb-image alignleft uagb-block-cdd3428e wp-block-uagb-image--layout-default wp-block-uagb-image--effect-static wp-block-uagb-image--align-left\"><figure class=\"wp-block-uagb-image__figure\"><img decoding=\"async\" srcset=\"https:\/\/liebevollich.de\/wp-content\/uploads\/2025\/01\/Picture1-4.jpg ,https:\/\/liebevollich.de\/wp-content\/uploads\/2025\/01\/Picture1-4.jpg 780w, https:\/\/liebevollich.de\/wp-content\/uploads\/2025\/01\/Picture1-4.jpg 360w\" sizes=\"auto, (max-width: 480px) 150px\" src=\"https:\/\/liebevollich.de\/wp-content\/uploads\/2025\/01\/Picture1-4.jpg\" alt=\"\" class=\"uag-image-667\" width=\"100\" height=\"100\" title=\"Picture1\" loading=\"lazy\" role=\"img\"\/><\/figure><\/div>\n\n\n\n<div class=\"wp-block-uagb-container uagb-block-7e389751\">\n<div class=\"wp-block-uagb-advanced-heading uagb-block-49247a57\"><h2 class=\"uagb-heading-text\">Vera Niehr<\/h2><\/div>\n\n\n\n<p>Schulleiterin<\/p>\n\n\n\n<div class=\"wp-block-uagb-advanced-heading uagb-block-38745489\"><h2 class=\"uagb-heading-text\">Cornelia Schw\u00f6ppe hat ma\u00dfgeblich dazu beigetragen, dass unser junges Unternehmen auf Kurs bleibt. Sie unterst\u00fctzt F\u00fchrungskr\u00e4fte und MitarbeiterInnen durch Coaching und regelm\u00e4\u00dfige Supervisionen. Mit ihrer F\u00e4higkeit, komplexe Situationen schnell zu erfassen und gemeinsam zu l\u00f6sen, hat sie uns enorm geholfen. Ihre pr\u00e4zisen und empathischen Reflexionen f\u00f6rdern Selbstverantwortung und Selbstwirksamkeit, was ich besonders sch\u00e4tze. Dank ihrer Unterst\u00fctzung haben wir es geschafft, unsere Kita innerhalb eines halben Jahres vollst\u00e4ndig zu \u00f6ffnen und Partizipation zu leben. <\/h2><\/div>\n<\/div>\n<\/div>\n<\/div><\/div>\n<\/div><\/div><div class=\"swiper-pagination\"><\/div><\/div>\n<\/div>\n\n\n\n<p><\/p>\n<\/div>\n\n\n\n<div class=\"wp-block-uagb-container uagb-block-c34a50e7 alignfull uagb-is-root-container\"><div class=\"uagb-container-inner-blocks-wrap\">\n<div class=\"wp-block-uagb-advanced-heading uagb-block-f69f2d69\"><h2 class=\"uagb-heading-text\">Anstehende Veranstaltungen<\/h2><p class=\"uagb-desc-text\">Eine Liste der Events von LiebevollIch e. V. findest du <a href=\"https:\/\/liebevollich.de\/?page_id=1753\" data-type=\"page\" data-id=\"1753\">hier<\/a>:<\/p><\/div>\n\n\n\n<div class=\"wp-block-uagb-buttons uagb-buttons__outer-wrap uagb-btn__default-btn uagb-btn-tablet__default-btn uagb-btn-mobile__default-btn uagb-block-a58e4825\"><div class=\"uagb-buttons__wrap uagb-buttons-layout-wrap \">\n<div class=\"wp-block-uagb-buttons-child uagb-buttons__outer-wrap uagb-block-d1d3471e wp-block-button\"><div class=\"uagb-button__wrapper\"><a class=\"uagb-buttons-repeater wp-block-button__link\" aria-label=\"\" href=\"https:\/\/liebevollich.de\/?post_type=tribe_events\" rel=\"follow noopener\" target=\"_self\" role=\"button\"><div class=\"uagb-button__link\">zu den Terminen<\/div><span class=\"uagb-button__icon uagb-button__icon-position-after\"><svg xmlns=\"https:\/\/www.w3.org\/2000\/svg\" viewBox=\"0 0 256 512\" aria-hidden=\"true\" focussable=\"false\"><path d=\"M64 448c-8.188 0-16.38-3.125-22.62-9.375c-12.5-12.5-12.5-32.75 0-45.25L178.8 256L41.38 118.6c-12.5-12.5-12.5-32.75 0-45.25s32.75-12.5 45.25 0l160 160c12.5 12.5 12.5 32.75 0 45.25l-160 160C80.38 444.9 72.19 448 64 448z\"><\/path><\/svg><\/span><\/a><\/div><\/div>\n<\/div><\/div>\n<\/div><\/div>\n\n\n\n<p><\/p>\n","protected":false},"excerpt":{"rendered":"<p>Anstehende Veranstaltungen Eine Liste der Events von LiebevollIch e. V. findest du hier:<\/p>\n","protected":false},"author":2,"featured_media":0,"parent":0,"menu_order":0,"comment_status":"closed","ping_status":"closed","template":"front-page.php","meta":{"_uag_custom_page_level_css":"a strong {\n\ttext-decoration: underline !important;\n}","_EventAllDay":false,"_EventTimezone":"","_EventStartDate":"","_EventEndDate":"","_EventStartDateUTC":"","_EventEndDateUTC":"","_EventShowMap":false,"_EventShowMapLink":false,"_EventURL":"","_EventCost":"","_EventCostDescription":"","_EventCurrencySymbol":"","_EventCurrencyCode":"","_EventCurrencyPosition":"","_EventDateTimeSeparator":"","_EventTimeRangeSeparator":"","_EventOrganizerID":[],"_EventVenueID":[],"_OrganizerEmail":"","_OrganizerPhone":"","_OrganizerWebsite":"","_VenueAddress":"","_VenueCity":"","_VenueCountry":"","_VenueProvince":"","_VenueState":"","_VenueZip":"","_VenuePhone":"","_VenueURL":"","_VenueStateProvince":"","_VenueLat":"","_VenueLng":"","_VenueShowMap":false,"_VenueShowMapLink":false,"footnotes":""},"class_list":["post-377","page","type-page","status-publish","hentry"],"uagb_featured_image_src":{"full":false,"thumbnail":false,"medium":false,"medium_large":false,"large":false,"1536x1536":false,"2048x2048":false},"uagb_author_info":{"display_name":"test_dev_X1@","author_link":"https:\/\/liebevollich.de\/?author=2"},"uagb_comment_info":0,"uagb_excerpt":"Anstehende Veranstaltungen Eine Liste der Events von LiebevollIch e. V. findest du hier:","_links":{"self":[{"href":"https:\/\/liebevollich.de\/index.php?rest_route=\/wp\/v2\/pages\/377","targetHints":{"allow":["GET"]}}],"collection":[{"href":"https:\/\/liebevollich.de\/index.php?rest_route=\/wp\/v2\/pages"}],"about":[{"href":"https:\/\/liebevollich.de\/index.php?rest_route=\/wp\/v2\/types\/page"}],"author":[{"embeddable":true,"href":"https:\/\/liebevollich.de\/index.php?rest_route=\/wp\/v2\/users\/2"}],"replies":[{"embeddable":true,"href":"https:\/\/liebevollich.de\/index.php?rest_route=%2Fwp%2Fv2%2Fcomments&post=377"}],"version-history":[{"count":105,"href":"https:\/\/liebevollich.de\/index.php?rest_route=\/wp\/v2\/pages\/377\/revisions"}],"predecessor-version":[{"id":2018,"href":"https:\/\/liebevollich.de\/index.php?rest_route=\/wp\/v2\/pages\/377\/revisions\/2018"}],"wp:attachment":[{"href":"https:\/\/liebevollich.de\/index.php?rest_route=%2Fwp%2Fv2%2Fmedia&parent=377"}],"curies":[{"name":"wp","href":"https:\/\/api.w.org\/{rel}","templated":true}]}}